{"id":1491,"date":"2015-10-27T12:43:54","date_gmt":"2015-10-27T11:43:54","guid":{"rendered":"http:\/\/www.lifeherotile.eu\/de\/innovation\/"},"modified":"2016-05-02T11:08:17","modified_gmt":"2016-05-02T09:08:17","slug":"innovation","status":"publish","type":"page","link":"https:\/\/www.lifeherotile.eu\/de\/innovation\/","title":{"rendered":"RESULTS AND BENEFITS"},"content":{"rendered":"<div id='av_section_1'  class='avia-section av-av_section-781634be6d9f9d91bcb7befc024804f6 main_color avia-section-default avia-no-shadow  avia-builder-el-0  el_before_av_textblock  avia-builder-el-first  avia-bg-style-scroll container_wrap sidebar_right'  ><div class='container av-section-cont-open' ><main  role=\"main\" itemprop=\"mainContentOfPage\"  class='template-page content  av-content-small alpha units'><div class='post-entry post-entry-type-page post-entry-1491'><div class='entry-content-wrapper clearfix'>\n\n<style type=\"text\/css\" data-created_by=\"avia_inline_auto\" id=\"style-css-av-av_textblock-eda71f7ddd31fd892dc473e710e234e1\">\n#top .av_textblock_section.av-av_textblock-eda71f7ddd31fd892dc473e710e234e1 .avia_textblock{\nfont-size:35px;\n}\n<\/style>\n<section  class='av_textblock_section av-av_textblock-eda71f7ddd31fd892dc473e710e234e1 '   itemscope=\"itemscope\" itemtype=\"https:\/\/schema.org\/CreativeWork\" ><div class='avia_textblock'  itemprop=\"text\" ><p><span style=\"color: #ffffff;\">ERWARTETE RESULTATE UND VORTEILE <\/span><\/p>\n<\/div><\/section>\n<\/div><\/div><\/main><!-- close content main element --><\/div><\/div><div id='after_section_1'  class='main_color av_default_container_wrap container_wrap sidebar_right'  ><div class='container av-section-cont-open' ><div class='template-page content  av-content-small alpha units'><div class='post-entry post-entry-type-page post-entry-1491'><div class='entry-content-wrapper clearfix'><section  class='av_textblock_section av-av_textblock-0366cc7376be6c9e82a3e9cc8987b64f '   itemscope=\"itemscope\" itemtype=\"https:\/\/schema.org\/CreativeWork\" ><div class='avia_textblock'  itemprop=\"text\" ><p><strong>Erwartete Resultate:<\/strong><\/p>\n<ul>\n<li>Das industrielle Design der2 Ziegelformen f\u00fcr Marseillaise und Portuguese<\/li>\n<li>Eine industrielle Pilotlinie (mit einer st\u00fcndlichen Kapazit\u00e4t von 5.000 St\u00fcck) zur Herstellung von 20.000 Ziegeln, entsprechend einer Fl\u00e4che von 1.500 m\u00b2 der Ziegel f\u00fcr die Deckung von zwei Musterd\u00e4chern (je 150 m\u00b2) und zwei Musterh\u00e4usern (sozialer Wohnungsbau, je 300 m\u00b2)<\/li>\n<li>Die Ergebnisse der experimentellen Pr\u00fcfungen der Energieleistung bei tats\u00e4chlicher Gr\u00f6\u00dfe in Vergleich mit traditionellen L\u00f6sungen, anhand von zwei Musterh\u00e4usern, die sich an zwei unterschiedlichen Standorten befinden und mit Doppel-\u00dcberwachungssystem zur Datenerhebung in Echtzeit ausgestattet sind. Mit dieser verbesserten Leistung sollte eine Temperatursenkung der Innenr\u00e4ume von bis zu 4\u00b0C im Vergleich zu H\u00e4usern mit Flachdach erzielt werden.<\/li>\n<li>Die Ergebnisse der beiden Demonstrationsgeb\u00e4ude, beide ausgestattet mit Systemen zur Erhebung der Energiedaten f\u00fcr Raumheizung und \u2013k\u00fchlung. Die erwarteten Resultate sollten eine Energieeinsparung bei der K\u00fchlung von bis zu 30-50% f\u00fcr das \u00fcberdachte Geb\u00e4udevolumen erreichen und h\u00f6heren Energieverbrauch f\u00fcr die Heizung vermeiden.<\/li>\n<li>N\u00b01 kostenfreie Software zur Unterst\u00fctzung von Technikern, Architekten und Beteiligten bei Entwurf und Planung \u00e4hnlicher Anwendungen in Hinblick auf ihr Energieverhalten je nach Standort, Klima, Geb\u00e4udetopologie und Nutzung.<\/li>\n<li>Gesch\u00e4tzte Energieeinsparung w\u00e4hrend des Sommers bis zu 30-50% im Vergleich zu einem \u00e4hnlichen Dach ohne Bel\u00fcftung.<\/li>\n<li>Die Steigerung des Energieverbrauchs f\u00fcr Heizung zur Winterzeit ist gleich Null. Im Winter erm\u00f6glichen die neuen Dachziegeln durch die Bel\u00fcftung eine bessere Kontrolle der Luftfeuchtigkeit und f\u00fchren durch h\u00f6here Trockenheit der D\u00e4mmung zu indirekten Vorteilen.<\/li>\n<\/ul>\n<p><strong>Umweltvorteile:<\/strong><\/p>\n<ul>\n<li>Wenn man bedenkt, dass die im Rahmen des Projekts neu zu gestaltenden und herzustellenden Dachziegelarten mehr als 60% europ\u00e4ischer D\u00e4cher bedecken und die Industriepartner, die in LIFE HEROTILE involviert sind, auf europ\u00e4ischer Ebene aktiv sind, kann davon ausgegangen werden, dass ein guter Marktanteil abgedeckt werden wird, vor allem in den L\u00e4ndern des Mittelmeerraums, und die folgenden Ziele erreicht werden:<\/li>\n<li>10% Reduzierung der Treibhausgasemissionen (S\u00fcdeuropa), entsprechend einem absoluten (Jahres-)Wert von 1,5 Mt_CO2\/Jahr<\/li>\n<li>50% CO2-Bilanz bei der Geb\u00e4udek\u00fchlung im Vergleich zum Standard-Steildach, entsprechend einem absoluten (Jahres-)Wert von 150 g_CO2\/kWhe<\/li>\n<li>5% Reduzierung der Luftverschmutzung (S\u00fcdeuropa), entsprechend einem absoluten (Jahres-) Wert von 0.1 Mt_NOx\/Jahr<\/li>\n<li>5% geringerer Stromverbrauch von Klimaanlagen in st\u00e4dtischem Gebiet, entsprechend einem absoluten (Jahres-)Wert von 25 kW\/ha<\/li>\n<li>25% Verringerung der maximalen Lufttemperatur unter den Dachziegeln<\/li>\n<li>30% Erh\u00f6hung der durchschnittlichen j\u00e4hrlichen Luftgeschwindigkeit unter den Ziegeln<\/li>\n<li>50% Verringerung der maximalen Strahlung unter den Dachziegeln<\/li>\n<li>50% Reduzierung der spezifischen K\u00fchlleistung bei der neuen L\u00f6sung, entsprechend einem absoluten (Jahres)-Wert von 2,3 W\/m3<\/li>\n<li>50% Verringerung der \u00e4quivalenten W\u00e4rme\u00fcbertragung eines bel\u00fcfteten Daches (\u00e4quivalenter U-Wert), entsprechend einem absoluten (Jahres-)Wert von 0,25W\/(m\u00b2K)<\/li>\n<\/ul>\n<\/div><\/section><\/p>\n","protected":false},"excerpt":{"rendered":"","protected":false},"author":2,"featured_media":0,"parent":0,"menu_order":0,"comment_status":"closed","ping_status":"closed","template":"","meta":{"footnotes":""},"class_list":["post-1491","page","type-page","status-publish","hentry"],"yoast_head":"<!-- This site is optimized with the Yoast SEO plugin v27.4 - https:\/\/yoast.com\/product\/yoast-seo-wordpress\/ -->\n<title>RESULTS AND BENEFITS - lifeherotile<\/title>\n<meta name=\"robots\" content=\"index, follow, max-snippet:-1, max-image-preview:large, max-video-preview:-1\" \/>\n<link rel=\"canonical\" href=\"https:\/\/www.lifeherotile.eu\/innovation\/\" \/>\n<meta property=\"og:locale\" content=\"de_DE\" \/>\n<meta property=\"og:type\" content=\"article\" \/>\n<meta property=\"og:title\" content=\"RESULTS AND BENEFITS - lifeherotile\" \/>\n<meta property=\"og:url\" content=\"https:\/\/www.lifeherotile.eu\/innovation\/\" \/>\n<meta property=\"og:site_name\" content=\"lifeherotile\" \/>\n<meta property=\"article:modified_time\" content=\"2016-05-02T09:08:17+00:00\" \/>\n<meta name=\"twitter:card\" content=\"summary_large_image\" \/>\n<meta name=\"twitter:label1\" content=\"Gesch\u00e4tzte Lesezeit\" \/>\n\t<meta name=\"twitter:data1\" content=\"3\u00a0Minuten\" \/>\n<script type=\"application\/ld+json\" class=\"yoast-schema-graph\">{\"@context\":\"https:\\\/\\\/schema.org\",\"@graph\":[{\"@type\":\"WebPage\",\"@id\":\"https:\\\/\\\/www.lifeherotile.eu\\\/innovation\\\/\",\"url\":\"https:\\\/\\\/www.lifeherotile.eu\\\/innovation\\\/\",\"name\":\"RESULTS AND BENEFITS - lifeherotile\",\"isPartOf\":{\"@id\":\"https:\\\/\\\/www.lifeherotile.eu\\\/#website\"},\"datePublished\":\"2015-10-27T11:43:54+00:00\",\"dateModified\":\"2016-05-02T09:08:17+00:00\",\"breadcrumb\":{\"@id\":\"https:\\\/\\\/www.lifeherotile.eu\\\/innovation\\\/#breadcrumb\"},\"inLanguage\":\"de\",\"potentialAction\":[{\"@type\":\"ReadAction\",\"target\":[\"https:\\\/\\\/www.lifeherotile.eu\\\/innovation\\\/\"]}]},{\"@type\":\"BreadcrumbList\",\"@id\":\"https:\\\/\\\/www.lifeherotile.eu\\\/innovation\\\/#breadcrumb\",\"itemListElement\":[{\"@type\":\"ListItem\",\"position\":1,\"name\":\"Home\",\"item\":\"https:\\\/\\\/www.lifeherotile.eu\\\/de\\\/\"},{\"@type\":\"ListItem\",\"position\":2,\"name\":\"RESULTS AND BENEFITS\"}]},{\"@type\":\"WebSite\",\"@id\":\"https:\\\/\\\/www.lifeherotile.eu\\\/#website\",\"url\":\"https:\\\/\\\/www.lifeherotile.eu\\\/\",\"name\":\"lifeherotile\",\"description\":\"High Energy savings in building cooling by ROof TILEs shape optimization toward a better above sheathing ventilation\",\"potentialAction\":[{\"@type\":\"SearchAction\",\"target\":{\"@type\":\"EntryPoint\",\"urlTemplate\":\"https:\\\/\\\/www.lifeherotile.eu\\\/?s={search_term_string}\"},\"query-input\":{\"@type\":\"PropertyValueSpecification\",\"valueRequired\":true,\"valueName\":\"search_term_string\"}}],\"inLanguage\":\"de\"}]}<\/script>\n<!-- \/ Yoast SEO plugin. -->","yoast_head_json":{"title":"RESULTS AND BENEFITS - lifeherotile","robots":{"index":"index","follow":"follow","max-snippet":"max-snippet:-1","max-image-preview":"max-image-preview:large","max-video-preview":"max-video-preview:-1"},"canonical":"https:\/\/www.lifeherotile.eu\/innovation\/","og_locale":"de_DE","og_type":"article","og_title":"RESULTS AND BENEFITS - lifeherotile","og_url":"https:\/\/www.lifeherotile.eu\/innovation\/","og_site_name":"lifeherotile","article_modified_time":"2016-05-02T09:08:17+00:00","twitter_card":"summary_large_image","twitter_misc":{"Gesch\u00e4tzte Lesezeit":"3\u00a0Minuten"},"schema":{"@context":"https:\/\/schema.org","@graph":[{"@type":"WebPage","@id":"https:\/\/www.lifeherotile.eu\/innovation\/","url":"https:\/\/www.lifeherotile.eu\/innovation\/","name":"RESULTS AND BENEFITS - lifeherotile","isPartOf":{"@id":"https:\/\/www.lifeherotile.eu\/#website"},"datePublished":"2015-10-27T11:43:54+00:00","dateModified":"2016-05-02T09:08:17+00:00","breadcrumb":{"@id":"https:\/\/www.lifeherotile.eu\/innovation\/#breadcrumb"},"inLanguage":"de","potentialAction":[{"@type":"ReadAction","target":["https:\/\/www.lifeherotile.eu\/innovation\/"]}]},{"@type":"BreadcrumbList","@id":"https:\/\/www.lifeherotile.eu\/innovation\/#breadcrumb","itemListElement":[{"@type":"ListItem","position":1,"name":"Home","item":"https:\/\/www.lifeherotile.eu\/de\/"},{"@type":"ListItem","position":2,"name":"RESULTS AND BENEFITS"}]},{"@type":"WebSite","@id":"https:\/\/www.lifeherotile.eu\/#website","url":"https:\/\/www.lifeherotile.eu\/","name":"lifeherotile","description":"High Energy savings in building cooling by ROof TILEs shape optimization toward a better above sheathing ventilation","potentialAction":[{"@type":"SearchAction","target":{"@type":"EntryPoint","urlTemplate":"https:\/\/www.lifeherotile.eu\/?s={search_term_string}"},"query-input":{"@type":"PropertyValueSpecification","valueRequired":true,"valueName":"search_term_string"}}],"inLanguage":"de"}]}},"_links":{"self":[{"href":"https:\/\/www.lifeherotile.eu\/de\/wp-json\/wp\/v2\/pages\/1491","targetHints":{"allow":["GET"]}}],"collection":[{"href":"https:\/\/www.lifeherotile.eu\/de\/wp-json\/wp\/v2\/pages"}],"about":[{"href":"https:\/\/www.lifeherotile.eu\/de\/wp-json\/wp\/v2\/types\/page"}],"author":[{"embeddable":true,"href":"https:\/\/www.lifeherotile.eu\/de\/wp-json\/wp\/v2\/users\/2"}],"replies":[{"embeddable":true,"href":"https:\/\/www.lifeherotile.eu\/de\/wp-json\/wp\/v2\/comments?post=1491"}],"version-history":[{"count":2,"href":"https:\/\/www.lifeherotile.eu\/de\/wp-json\/wp\/v2\/pages\/1491\/revisions"}],"predecessor-version":[{"id":1493,"href":"https:\/\/www.lifeherotile.eu\/de\/wp-json\/wp\/v2\/pages\/1491\/revisions\/1493"}],"wp:attachment":[{"href":"https:\/\/www.lifeherotile.eu\/de\/wp-json\/wp\/v2\/media?parent=1491"}],"curies":[{"name":"wp","href":"https:\/\/api.w.org\/{rel}","templated":true}]}}