{"id":1508,"date":"2015-10-29T16:48:10","date_gmt":"2015-10-29T15:48:10","guid":{"rendered":"http:\/\/www.lifeherotile.eu\/de\/solution-proposed\/"},"modified":"2018-12-07T11:38:31","modified_gmt":"2018-12-07T10:38:31","slug":"solution-proposed","status":"publish","type":"page","link":"https:\/\/www.lifeherotile.eu\/de\/solution-proposed\/","title":{"rendered":"SOLUTION PROPOSED"},"content":{"rendered":"\n<style type=\"text\/css\" data-created_by=\"avia_inline_auto\" id=\"style-css-av-av_section-ce25b5c9cf5a839900314cac3ac26455\">\n.avia-section.av-av_section-ce25b5c9cf5a839900314cac3ac26455{\nbackground-repeat:no-repeat;\nbackground-image:url(https:\/\/www.lifeherotile.eu\/wp-content\/uploads\/2015\/10\/banner-982162_19202.jpg);\nbackground-position:0% 0%;\nbackground-attachment:scroll;\n}\n<\/style>\n<div id='av_section_1'  class='avia-section av-av_section-ce25b5c9cf5a839900314cac3ac26455 main_color avia-section-default avia-no-shadow  avia-builder-el-0  el_before_av_textblock  avia-builder-el-first  avia-bg-style-scroll container_wrap sidebar_right'  data-section-bg-repeat='no-repeat'><div class='container av-section-cont-open' ><main  role=\"main\" itemprop=\"mainContentOfPage\"  class='template-page content  av-content-small alpha units'><div class='post-entry post-entry-type-page post-entry-1508'><div class='entry-content-wrapper clearfix'>\n\n<style type=\"text\/css\" data-created_by=\"avia_inline_auto\" id=\"style-css-av-av_textblock-013874ef00b5638042cf74911f585a31\">\n#top .av_textblock_section.av-av_textblock-013874ef00b5638042cf74911f585a31 .avia_textblock{\nfont-size:32px;\n}\n<\/style>\n<section  class='av_textblock_section av-av_textblock-013874ef00b5638042cf74911f585a31 '   itemscope=\"itemscope\" itemtype=\"https:\/\/schema.org\/CreativeWork\" ><div class='avia_textblock'  itemprop=\"text\" ><p><span style=\"color: #ffffff;\">L\u00d6SUNGSVORSCHLAG <\/span><\/p>\n<\/div><\/section>\n<\/div><\/div><\/main><!-- close content main element --><\/div><\/div><div id='after_section_1'  class='main_color av_default_container_wrap container_wrap sidebar_right'  ><div class='container av-section-cont-open' ><div class='template-page content  av-content-small alpha units'><div class='post-entry post-entry-type-page post-entry-1508'><div class='entry-content-wrapper clearfix'>\n\n<style type=\"text\/css\" data-created_by=\"avia_inline_auto\" id=\"style-css-av-av_textblock-04925bd89c6136d362a84eb2d942e129\">\n#top .av_textblock_section.av-av_textblock-04925bd89c6136d362a84eb2d942e129 .avia_textblock{\nfont-size:17px;\n}\n<\/style>\n<section  class='av_textblock_section av-av_textblock-04925bd89c6136d362a84eb2d942e129 '   itemscope=\"itemscope\" itemtype=\"https:\/\/schema.org\/CreativeWork\" ><div class='avia_textblock'  itemprop=\"text\" ><p>Um dem Bausektor (Sanierung und Neubau) in der EU zu helfen, seine Ziele zur Energieeffizienz und die damit verbundenen CO2-Emissionen zu erreichen und um die weltweite Marktaufnahme f\u00fcr \u00f6kologisch innovative EU-Produkte, mit denen diese Ziele umgesetzt werden k\u00f6nnen, zu erleichtern, wird das LIFE HEROTILE Projekt folgendes entwickeln:<\/p>\n<ul>\n<li>Zwei neue Arten von Dachziegeln (Marseillaise und Portuguese) mit einer Form, die ein Dach mit h\u00f6herer Luftdurchl\u00e4ssigkeit auszeichnet und zu einer besseren Energieeffizienz durch passive Ableitung von Sonnenw\u00e4rme mittels Unterdachbel\u00fcftung f\u00fchrt;<\/li>\n<\/ul>\n<ul>\n<li>Eine praktische und vereinfachte, lizenzfreie Software f\u00fcr Architekten und Techniker\u00a0\u2013\u00a0SENSAPIRO Software ENergy SAvings PItched Roofs \u2013\u00a0mit der die Energieeffizienz vergleichbarer Geb\u00e4ude bei ver\u00e4nderter Dachkonfiguration prognostiziert werden kann, da sie basierend auf experimentellen Daten entwickelt ist.<\/li>\n<\/ul>\n<\/div><\/section>\n","protected":false},"excerpt":{"rendered":"","protected":false},"author":2,"featured_media":0,"parent":0,"menu_order":0,"comment_status":"closed","ping_status":"closed","template":"","meta":{"footnotes":""},"class_list":["post-1508","page","type-page","status-publish","hentry"],"yoast_head":"<!-- This site is optimized with the Yoast SEO plugin v27.3 - https:\/\/yoast.com\/product\/yoast-seo-wordpress\/ -->\n<title>SOLUTION PROPOSED - lifeherotile<\/title>\n<meta name=\"robots\" content=\"index, follow, max-snippet:-1, max-image-preview:large, max-video-preview:-1\" \/>\n<link rel=\"canonical\" href=\"https:\/\/www.lifeherotile.eu\/solution-proposed\/\" \/>\n<meta property=\"og:locale\" content=\"de_DE\" \/>\n<meta property=\"og:type\" content=\"article\" \/>\n<meta property=\"og:title\" content=\"SOLUTION PROPOSED - lifeherotile\" \/>\n<meta property=\"og:url\" content=\"https:\/\/www.lifeherotile.eu\/solution-proposed\/\" \/>\n<meta property=\"og:site_name\" content=\"lifeherotile\" \/>\n<meta property=\"article:modified_time\" content=\"2018-12-07T10:38:31+00:00\" \/>\n<meta name=\"twitter:card\" content=\"summary_large_image\" \/>\n<meta name=\"twitter:label1\" content=\"Gesch\u00e4tzte Lesezeit\" \/>\n\t<meta name=\"twitter:data1\" content=\"1\u00a0Minute\" \/>\n<script type=\"application\/ld+json\" class=\"yoast-schema-graph\">{\"@context\":\"https:\\\/\\\/schema.org\",\"@graph\":[{\"@type\":\"WebPage\",\"@id\":\"https:\\\/\\\/www.lifeherotile.eu\\\/solution-proposed\\\/\",\"url\":\"https:\\\/\\\/www.lifeherotile.eu\\\/solution-proposed\\\/\",\"name\":\"SOLUTION PROPOSED - lifeherotile\",\"isPartOf\":{\"@id\":\"https:\\\/\\\/www.lifeherotile.eu\\\/#website\"},\"datePublished\":\"2015-10-29T15:48:10+00:00\",\"dateModified\":\"2018-12-07T10:38:31+00:00\",\"breadcrumb\":{\"@id\":\"https:\\\/\\\/www.lifeherotile.eu\\\/solution-proposed\\\/#breadcrumb\"},\"inLanguage\":\"de\",\"potentialAction\":[{\"@type\":\"ReadAction\",\"target\":[\"https:\\\/\\\/www.lifeherotile.eu\\\/solution-proposed\\\/\"]}]},{\"@type\":\"BreadcrumbList\",\"@id\":\"https:\\\/\\\/www.lifeherotile.eu\\\/solution-proposed\\\/#breadcrumb\",\"itemListElement\":[{\"@type\":\"ListItem\",\"position\":1,\"name\":\"Home\",\"item\":\"https:\\\/\\\/www.lifeherotile.eu\\\/de\\\/\"},{\"@type\":\"ListItem\",\"position\":2,\"name\":\"SOLUTION PROPOSED\"}]},{\"@type\":\"WebSite\",\"@id\":\"https:\\\/\\\/www.lifeherotile.eu\\\/#website\",\"url\":\"https:\\\/\\\/www.lifeherotile.eu\\\/\",\"name\":\"lifeherotile\",\"description\":\"High Energy savings in building cooling by ROof TILEs shape optimization toward a better above sheathing ventilation\",\"potentialAction\":[{\"@type\":\"SearchAction\",\"target\":{\"@type\":\"EntryPoint\",\"urlTemplate\":\"https:\\\/\\\/www.lifeherotile.eu\\\/?s={search_term_string}\"},\"query-input\":{\"@type\":\"PropertyValueSpecification\",\"valueRequired\":true,\"valueName\":\"search_term_string\"}}],\"inLanguage\":\"de\"}]}<\/script>\n<!-- \/ Yoast SEO plugin. -->","yoast_head_json":{"title":"SOLUTION PROPOSED - lifeherotile","robots":{"index":"index","follow":"follow","max-snippet":"max-snippet:-1","max-image-preview":"max-image-preview:large","max-video-preview":"max-video-preview:-1"},"canonical":"https:\/\/www.lifeherotile.eu\/solution-proposed\/","og_locale":"de_DE","og_type":"article","og_title":"SOLUTION PROPOSED - lifeherotile","og_url":"https:\/\/www.lifeherotile.eu\/solution-proposed\/","og_site_name":"lifeherotile","article_modified_time":"2018-12-07T10:38:31+00:00","twitter_card":"summary_large_image","twitter_misc":{"Gesch\u00e4tzte Lesezeit":"1\u00a0Minute"},"schema":{"@context":"https:\/\/schema.org","@graph":[{"@type":"WebPage","@id":"https:\/\/www.lifeherotile.eu\/solution-proposed\/","url":"https:\/\/www.lifeherotile.eu\/solution-proposed\/","name":"SOLUTION PROPOSED - lifeherotile","isPartOf":{"@id":"https:\/\/www.lifeherotile.eu\/#website"},"datePublished":"2015-10-29T15:48:10+00:00","dateModified":"2018-12-07T10:38:31+00:00","breadcrumb":{"@id":"https:\/\/www.lifeherotile.eu\/solution-proposed\/#breadcrumb"},"inLanguage":"de","potentialAction":[{"@type":"ReadAction","target":["https:\/\/www.lifeherotile.eu\/solution-proposed\/"]}]},{"@type":"BreadcrumbList","@id":"https:\/\/www.lifeherotile.eu\/solution-proposed\/#breadcrumb","itemListElement":[{"@type":"ListItem","position":1,"name":"Home","item":"https:\/\/www.lifeherotile.eu\/de\/"},{"@type":"ListItem","position":2,"name":"SOLUTION PROPOSED"}]},{"@type":"WebSite","@id":"https:\/\/www.lifeherotile.eu\/#website","url":"https:\/\/www.lifeherotile.eu\/","name":"lifeherotile","description":"High Energy savings in building cooling by ROof TILEs shape optimization toward a better above sheathing ventilation","potentialAction":[{"@type":"SearchAction","target":{"@type":"EntryPoint","urlTemplate":"https:\/\/www.lifeherotile.eu\/?s={search_term_string}"},"query-input":{"@type":"PropertyValueSpecification","valueRequired":true,"valueName":"search_term_string"}}],"inLanguage":"de"}]}},"_links":{"self":[{"href":"https:\/\/www.lifeherotile.eu\/de\/wp-json\/wp\/v2\/pages\/1508","targetHints":{"allow":["GET"]}}],"collection":[{"href":"https:\/\/www.lifeherotile.eu\/de\/wp-json\/wp\/v2\/pages"}],"about":[{"href":"https:\/\/www.lifeherotile.eu\/de\/wp-json\/wp\/v2\/types\/page"}],"author":[{"embeddable":true,"href":"https:\/\/www.lifeherotile.eu\/de\/wp-json\/wp\/v2\/users\/2"}],"replies":[{"embeddable":true,"href":"https:\/\/www.lifeherotile.eu\/de\/wp-json\/wp\/v2\/comments?post=1508"}],"version-history":[{"count":3,"href":"https:\/\/www.lifeherotile.eu\/de\/wp-json\/wp\/v2\/pages\/1508\/revisions"}],"predecessor-version":[{"id":1513,"href":"https:\/\/www.lifeherotile.eu\/de\/wp-json\/wp\/v2\/pages\/1508\/revisions\/1513"}],"wp:attachment":[{"href":"https:\/\/www.lifeherotile.eu\/de\/wp-json\/wp\/v2\/media?parent=1508"}],"curies":[{"name":"wp","href":"https:\/\/api.w.org\/{rel}","templated":true}]}}