{"id":1669,"date":"2015-10-27T12:43:54","date_gmt":"2015-10-27T11:43:54","guid":{"rendered":"http:\/\/www.lifeherotile.eu\/fr\/innovation\/"},"modified":"2016-05-02T14:26:30","modified_gmt":"2016-05-02T12:26:30","slug":"innovation","status":"publish","type":"page","link":"https:\/\/www.lifeherotile.eu\/fr\/innovation\/","title":{"rendered":"RESULTS AND BENEFITS"},"content":{"rendered":"<div id='av_section_1'  class='avia-section av-av_section-781634be6d9f9d91bcb7befc024804f6 main_color avia-section-default avia-no-shadow  avia-builder-el-0  el_before_av_textblock  avia-builder-el-first  avia-bg-style-scroll container_wrap sidebar_right'  ><div class='container av-section-cont-open' ><main  role=\"main\" itemprop=\"mainContentOfPage\"  class='template-page content  av-content-small alpha units'><div class='post-entry post-entry-type-page post-entry-1669'><div class='entry-content-wrapper clearfix'>\n\n<style type=\"text\/css\" data-created_by=\"avia_inline_auto\" id=\"style-css-av-av_textblock-eda71f7ddd31fd892dc473e710e234e1\">\n#top .av_textblock_section.av-av_textblock-eda71f7ddd31fd892dc473e710e234e1 .avia_textblock{\nfont-size:35px;\n}\n<\/style>\n<section  class='av_textblock_section av-av_textblock-eda71f7ddd31fd892dc473e710e234e1 '   itemscope=\"itemscope\" itemtype=\"https:\/\/schema.org\/CreativeWork\" ><div class='avia_textblock'  itemprop=\"text\" ><p><span style=\"color: #ffffff;\">R\u00c9SULTATS ESCOMPT\u00c9S ET AVANTAGES<\/span><\/p>\n<\/div><\/section>\n<\/div><\/div><\/main><!-- close content main element --><\/div><\/div><div id='after_section_1'  class='main_color av_default_container_wrap container_wrap sidebar_right'  ><div class='container av-section-cont-open' ><div class='template-page content  av-content-small alpha units'><div class='post-entry post-entry-type-page post-entry-1669'><div class='entry-content-wrapper clearfix'><section  class='av_textblock_section av-av_textblock-0366cc7376be6c9e82a3e9cc8987b64f '   itemscope=\"itemscope\" itemtype=\"https:\/\/schema.org\/CreativeWork\" ><div class='avia_textblock'  itemprop=\"text\" ><p><strong>R\u00e9sultats escompt\u00e9s:<\/strong><\/p>\n<ul>\n<li><strong>La conception industrielle<\/strong> des formes n.2 des tuiles marseillaises et portugaises<\/li>\n<li>Une ligne de production industrielle pilote (avec une production de 5000 pi\u00e8ces par heure) de 20.000 tuiles \u00e9quivalant \u00e0 1500 m\u00b2 de tuiles anciennes pour recouvrir la toiture de deux b\u00e2timents \u00e9chantillon (maquette, 150 m\u00b2 chacun) et de deux b\u00e2timents de d\u00e9monstration (logements sociaux, 300\u00a0m\u00b2\u00a0chacun)<\/li>\n<li>Les r\u00e9sultats des \u00e9valuations exp\u00e9rimentales \u00e0 \u00e9chelle r\u00e9elle du rendement \u00e9nerg\u00e9tique par rapport aux solutions traditionnelles, au moyen de deux b\u00e2timents situ\u00e9s \u00e0 deux endroits diff\u00e9rents et \u00e9quip\u00e9s d\u2019un double syst\u00e8me de contr\u00f4le destin\u00e9 \u00e0 la collecte des donn\u00e9es en temps r\u00e9el. Le meilleur rendement doit \u00eatre r\u00e9duit entre 2-4\u00b0C pour la temp\u00e9rature du volume de construction de la toiture par rapport au m\u00eame volume pour une toiture de configuration plate.<\/li>\n<li>Les r\u00e9sultats des deux b\u00e2timents dot\u00e9s d\u2019une collecte de donn\u00e9es \u00e9nerg\u00e9tiques pour le chauffage et la climatisation des espaces. <strong>Les r\u00e9sultats escompt\u00e9s doivent r\u00e9aliser une \u00e9conomie d\u2019\u00e9nergie<\/strong> en mode r\u00e9frig\u00e9ration de 30-50% du volume sous la toiture du b\u00e2timent \u00e9vitant une haute consommation d\u2019\u00e9nergie pour le chauffage.<\/li>\n<li>Le premier logiciel gratuit pour aider les techniciens et les acteurs de la planification et de la conception des applications similaires du point de vue de leur comportement \u00e9nerg\u00e9tique en fonction de la localisation, du climat, du type de construction et de l\u2019utilisation.<\/li>\n<li>Le b\u00e9n\u00e9fice estim\u00e9 est de 30-50% de la demande en \u00e9nergie en \u00e9t\u00e9 par rapport \u00e0 une toiture similaire sans ventilation.<\/li>\n<li>L\u2019augmentation de la consommation d\u2019\u00e9nergie en mode chauffage en hiver est \u00e9gale \u00e0 0. En hiver les nouvelles tuiles permettent un meilleur contr\u00f4le de l\u2019humidit\u00e9 par la ventilation en cr\u00e9ant des avantages indirects \u00e0 cause de l\u2019ass\u00e8chement consid\u00e9rable des couches d\u2019isolation.<\/li>\n<\/ul>\n<p><strong>Avantages environnementaux:<\/strong><\/p>\n<p>Vu que les types de tuiles \u00e0 reconcevoir et \u00e0 produire pendant le projet couvrent plus de 60% des toitures europ\u00e9ennes et que les partenaires industriels se sont impliqu\u00e9s dans le travail de <strong>LIFE HEROTILE<\/strong> au niveau de l\u2019Europe, l\u2019on peut s\u2019attendre \u00e0 couvrir une bonne part du march\u00e9 sur l\u2019ensemble des pays du bassin m\u00e9dit\u00e9rrann\u00e9en et atteindre les cibles suivantes:<\/p>\n<ul>\n<li>10% de r\u00e9duction des gaz \u00e0 effet de serre, (Europe du Sud), \u00e9gale \u00e0 une valeur absolue (annuelle) de 1,5 Mt_CO2\/an<\/li>\n<li>50% d\u2019empreinte carbone de climatisation des locaux par rapport aux toits \u00e0 pans inclin\u00e9s, \u00e9gale \u00e0 une valeur absolue (annuelle) de 150g_CO2\/kWhe<\/li>\n<li>5% de r\u00e9duction de la pollution d\u2019air, (Europe du Sud), \u00e9gale \u00e0 une valeur absolue de 0,1 Mt_Pm\u00b2.5\/an et de 1,0 Mt_NOx\/an<\/li>\n<li>5% de r\u00e9duction de l\u2019\u00e9nergie \u00e9lectrique pour la climatisation en zone urbaine, \u00e9gale \u00e0 une valeur (annuelle) de 25 kW\/ha<\/li>\n<li>25% de r\u00e9duction de la temp\u00e9rature d\u2019air sous les tuiles<\/li>\n<li>30% d\u2019augmentation de la vitesse moyenne d\u2019air annuelle sous les tuiles<\/li>\n<li>50% de r\u00e9duction du rayonnement maximal sous les tuiles<\/li>\n<li>50% de r\u00e9duction de la puissance sp\u00e9cifique de refroidissement de la solution novatrice, \u00e9gale \u00e0 une valeur absolue (annuelle) de 2,3 W\/m3<\/li>\n<li>50% de r\u00e9duction de la transmission de la chaleur d\u2019une toiture avec a\u00e9ration, \u00e9gale \u00e0 une valeur absolue (annuelle) de 0,25 W\/( m\u00b2K)<\/li>\n<\/ul>\n<\/div><\/section><\/p>\n","protected":false},"excerpt":{"rendered":"","protected":false},"author":2,"featured_media":0,"parent":0,"menu_order":0,"comment_status":"closed","ping_status":"closed","template":"","meta":{"footnotes":""},"class_list":["post-1669","page","type-page","status-publish","hentry"],"yoast_head":"<!-- This site is optimized with the Yoast SEO plugin v27.3 - https:\/\/yoast.com\/product\/yoast-seo-wordpress\/ -->\n<title>RESULTS AND BENEFITS - lifeherotile<\/title>\n<meta name=\"robots\" content=\"index, follow, max-snippet:-1, max-image-preview:large, max-video-preview:-1\" \/>\n<link rel=\"canonical\" href=\"https:\/\/www.lifeherotile.eu\/innovation\/\" \/>\n<meta property=\"og:locale\" content=\"fr_FR\" \/>\n<meta property=\"og:type\" content=\"article\" \/>\n<meta property=\"og:title\" content=\"RESULTS AND BENEFITS - lifeherotile\" \/>\n<meta property=\"og:url\" content=\"https:\/\/www.lifeherotile.eu\/innovation\/\" \/>\n<meta property=\"og:site_name\" content=\"lifeherotile\" \/>\n<meta property=\"article:modified_time\" content=\"2016-05-02T12:26:30+00:00\" \/>\n<meta name=\"twitter:card\" content=\"summary_large_image\" \/>\n<meta name=\"twitter:label1\" content=\"Dur\u00e9e de lecture estim\u00e9e\" \/>\n\t<meta name=\"twitter:data1\" content=\"3 minutes\" \/>\n<script type=\"application\/ld+json\" class=\"yoast-schema-graph\">{\"@context\":\"https:\\\/\\\/schema.org\",\"@graph\":[{\"@type\":\"WebPage\",\"@id\":\"https:\\\/\\\/www.lifeherotile.eu\\\/innovation\\\/\",\"url\":\"https:\\\/\\\/www.lifeherotile.eu\\\/innovation\\\/\",\"name\":\"RESULTS AND BENEFITS - lifeherotile\",\"isPartOf\":{\"@id\":\"https:\\\/\\\/www.lifeherotile.eu\\\/#website\"},\"datePublished\":\"2015-10-27T11:43:54+00:00\",\"dateModified\":\"2016-05-02T12:26:30+00:00\",\"breadcrumb\":{\"@id\":\"https:\\\/\\\/www.lifeherotile.eu\\\/innovation\\\/#breadcrumb\"},\"inLanguage\":\"fr-FR\",\"potentialAction\":[{\"@type\":\"ReadAction\",\"target\":[\"https:\\\/\\\/www.lifeherotile.eu\\\/innovation\\\/\"]}]},{\"@type\":\"BreadcrumbList\",\"@id\":\"https:\\\/\\\/www.lifeherotile.eu\\\/innovation\\\/#breadcrumb\",\"itemListElement\":[{\"@type\":\"ListItem\",\"position\":1,\"name\":\"Home\",\"item\":\"https:\\\/\\\/www.lifeherotile.eu\\\/fr\\\/\"},{\"@type\":\"ListItem\",\"position\":2,\"name\":\"RESULTS AND BENEFITS\"}]},{\"@type\":\"WebSite\",\"@id\":\"https:\\\/\\\/www.lifeherotile.eu\\\/#website\",\"url\":\"https:\\\/\\\/www.lifeherotile.eu\\\/\",\"name\":\"lifeherotile\",\"description\":\"High Energy savings in building cooling by ROof TILEs shape optimization toward a better above sheathing ventilation\",\"potentialAction\":[{\"@type\":\"SearchAction\",\"target\":{\"@type\":\"EntryPoint\",\"urlTemplate\":\"https:\\\/\\\/www.lifeherotile.eu\\\/?s={search_term_string}\"},\"query-input\":{\"@type\":\"PropertyValueSpecification\",\"valueRequired\":true,\"valueName\":\"search_term_string\"}}],\"inLanguage\":\"fr-FR\"}]}<\/script>\n<!-- \/ Yoast SEO plugin. -->","yoast_head_json":{"title":"RESULTS AND BENEFITS - lifeherotile","robots":{"index":"index","follow":"follow","max-snippet":"max-snippet:-1","max-image-preview":"max-image-preview:large","max-video-preview":"max-video-preview:-1"},"canonical":"https:\/\/www.lifeherotile.eu\/innovation\/","og_locale":"fr_FR","og_type":"article","og_title":"RESULTS AND BENEFITS - lifeherotile","og_url":"https:\/\/www.lifeherotile.eu\/innovation\/","og_site_name":"lifeherotile","article_modified_time":"2016-05-02T12:26:30+00:00","twitter_card":"summary_large_image","twitter_misc":{"Dur\u00e9e de lecture estim\u00e9e":"3 minutes"},"schema":{"@context":"https:\/\/schema.org","@graph":[{"@type":"WebPage","@id":"https:\/\/www.lifeherotile.eu\/innovation\/","url":"https:\/\/www.lifeherotile.eu\/innovation\/","name":"RESULTS AND BENEFITS - lifeherotile","isPartOf":{"@id":"https:\/\/www.lifeherotile.eu\/#website"},"datePublished":"2015-10-27T11:43:54+00:00","dateModified":"2016-05-02T12:26:30+00:00","breadcrumb":{"@id":"https:\/\/www.lifeherotile.eu\/innovation\/#breadcrumb"},"inLanguage":"fr-FR","potentialAction":[{"@type":"ReadAction","target":["https:\/\/www.lifeherotile.eu\/innovation\/"]}]},{"@type":"BreadcrumbList","@id":"https:\/\/www.lifeherotile.eu\/innovation\/#breadcrumb","itemListElement":[{"@type":"ListItem","position":1,"name":"Home","item":"https:\/\/www.lifeherotile.eu\/fr\/"},{"@type":"ListItem","position":2,"name":"RESULTS AND BENEFITS"}]},{"@type":"WebSite","@id":"https:\/\/www.lifeherotile.eu\/#website","url":"https:\/\/www.lifeherotile.eu\/","name":"lifeherotile","description":"High Energy savings in building cooling by ROof TILEs shape optimization toward a better above sheathing ventilation","potentialAction":[{"@type":"SearchAction","target":{"@type":"EntryPoint","urlTemplate":"https:\/\/www.lifeherotile.eu\/?s={search_term_string}"},"query-input":{"@type":"PropertyValueSpecification","valueRequired":true,"valueName":"search_term_string"}}],"inLanguage":"fr-FR"}]}},"_links":{"self":[{"href":"https:\/\/www.lifeherotile.eu\/fr\/wp-json\/wp\/v2\/pages\/1669","targetHints":{"allow":["GET"]}}],"collection":[{"href":"https:\/\/www.lifeherotile.eu\/fr\/wp-json\/wp\/v2\/pages"}],"about":[{"href":"https:\/\/www.lifeherotile.eu\/fr\/wp-json\/wp\/v2\/types\/page"}],"author":[{"embeddable":true,"href":"https:\/\/www.lifeherotile.eu\/fr\/wp-json\/wp\/v2\/users\/2"}],"replies":[{"embeddable":true,"href":"https:\/\/www.lifeherotile.eu\/fr\/wp-json\/wp\/v2\/comments?post=1669"}],"version-history":[{"count":2,"href":"https:\/\/www.lifeherotile.eu\/fr\/wp-json\/wp\/v2\/pages\/1669\/revisions"}],"predecessor-version":[{"id":1671,"href":"https:\/\/www.lifeherotile.eu\/fr\/wp-json\/wp\/v2\/pages\/1669\/revisions\/1671"}],"wp:attachment":[{"href":"https:\/\/www.lifeherotile.eu\/fr\/wp-json\/wp\/v2\/media?parent=1669"}],"curies":[{"name":"wp","href":"https:\/\/api.w.org\/{rel}","templated":true}]}}