{"id":1673,"date":"2015-10-29T16:48:28","date_gmt":"2015-10-29T15:48:28","guid":{"rendered":"http:\/\/www.lifeherotile.eu\/fr\/activities\/"},"modified":"2016-05-02T14:29:58","modified_gmt":"2016-05-02T12:29:58","slug":"activities","status":"publish","type":"page","link":"https:\/\/www.lifeherotile.eu\/fr\/activities\/","title":{"rendered":"ACTIVITIES"},"content":{"rendered":"<div id='av_section_1'  class='avia-section av-av_section-13b0da79dbf154cb352cd7e1eaae1e43 main_color avia-section-default avia-no-shadow  avia-builder-el-0  el_before_av_textblock  avia-builder-el-first  avia-bg-style-scroll container_wrap sidebar_right'  ><div class='container av-section-cont-open' ><main  role=\"main\" itemprop=\"mainContentOfPage\"  class='template-page content  av-content-small alpha units'><div class='post-entry post-entry-type-page post-entry-1673'><div class='entry-content-wrapper clearfix'>\n\n<style type=\"text\/css\" data-created_by=\"avia_inline_auto\" id=\"style-css-av-av_textblock-12b1107e5c5467489d2c462c2b571d30\">\n#top .av_textblock_section.av-av_textblock-12b1107e5c5467489d2c462c2b571d30 .avia_textblock{\nfont-size:36px;\n}\n<\/style>\n<section  class='av_textblock_section av-av_textblock-12b1107e5c5467489d2c462c2b571d30 '   itemscope=\"itemscope\" itemtype=\"https:\/\/schema.org\/CreativeWork\" ><div class='avia_textblock'  itemprop=\"text\" ><p><span style=\"color: #ffffff;\">ACTIVIT\u00c9S<\/span><\/p>\n<\/div><\/section>\n<\/div><\/div><\/main><!-- close content main element --><\/div><\/div><div id='after_section_1'  class='main_color av_default_container_wrap container_wrap sidebar_right'  ><div class='container av-section-cont-open' ><div class='template-page content  av-content-small alpha units'><div class='post-entry post-entry-type-page post-entry-1673'><div class='entry-content-wrapper clearfix'>\n<style type=\"text\/css\" data-created_by=\"avia_inline_auto\" id=\"style-css-av-av_textblock-a46e63d3243520f360b66d40f943954f\">\n#top .av_textblock_section.av-av_textblock-a46e63d3243520f360b66d40f943954f .avia_textblock{\nfont-size:14px;\n}\n<\/style>\n<section  class='av_textblock_section av-av_textblock-a46e63d3243520f360b66d40f943954f '   itemscope=\"itemscope\" itemtype=\"https:\/\/schema.org\/CreativeWork\" ><div class='avia_textblock'  itemprop=\"text\" ><p><strong>Actions pr\u00e9paratoires<\/strong><\/p>\n<ul>\n<li>Optimisation de la forme des tuiles pour une meilleure ventilation sup\u00e9rieure de gainage et une \u00e9conomie en \u00e9nergie.<\/li>\n<\/ul>\n<p><strong>\u00a0<\/strong><strong>Actions de mise en <\/strong><strong>\u0153uvre<\/strong><\/p>\n<ul>\n<li>Construction de deux b\u00e2timents \u00e9chantillon avec une toiture d\u2019essai pour comparer les rendements de la dissipation de la chaleur en \u00e9t\u00e9 des nouvelles tuiles et celle des anciennes tuiles et avec diff\u00e9rents types de surfaces imperm\u00e9ables de toitures. \u00a0Mise en \u0153uvre d\u2019une usine pilote pour la production des tuiles<\/li>\n<li>Exp\u00e9rience pratique des rendements \u00e9nerg\u00e9tiques et d\u2019imperm\u00e9abilit\u00e9 des nouvelles tuiles par rapport aux performances standard, leur caract\u00e9risation et certification ainsi que d\u2019autres mat\u00e9riaux imperm\u00e9ables<\/li>\n<li>Test des nouvelles tuiles dans un environnement r\u00e9el et une \u00e9chelle r\u00e9elle sur un b\u00e2timent de d\u00e9monstration pour la validation des donn\u00e9es<\/li>\n<li>Mise en application du logiciel pour une \u00e9valuation pr\u00e9alable de l\u2019\u00e9conomie en \u00e9nergie de la toiture en tuiles \u00e0 pans inclin\u00e9s<\/li>\n<\/ul>\n<p><strong>Mesure de l\u2019impact des actions li\u00e9es au projet<\/strong><\/p>\n<ul>\n<li>\u00c9valuation et contr\u00f4le de l\u2019impact sur l\u2019environnement<\/li>\n<li>Contr\u00f4le de l\u2019impact socio-\u00e9conomique du projet<\/li>\n<\/ul>\n<p><strong>Communication et diffusion des r\u00e9sultats<\/strong><\/p>\n<ul>\n<li>Diffusion et communication<\/li>\n<li>Mise en r\u00e9seau avec des projets LIFE et d\u2019autres projets<\/li>\n<li>Plan de communication After LIFE<\/li>\n<\/ul>\n<p><strong>\u00a0<\/strong><\/p>\n<p><strong>Gestion de projets et suivi de l\u2019avancement des projets<\/strong><\/p>\n<ul>\n<li>Suivi des projets<\/li>\n<li>Gestion des projets<\/li>\n<li>Compilation des tableaux d\u2019indicateurs<\/li>\n<li>Contr\u00f4le et mesure des indicateurs de performance des projets<\/li>\n<\/ul>\n<\/div><\/section><\/p>\n","protected":false},"excerpt":{"rendered":"","protected":false},"author":2,"featured_media":0,"parent":0,"menu_order":0,"comment_status":"closed","ping_status":"closed","template":"","meta":{"footnotes":""},"class_list":["post-1673","page","type-page","status-publish","hentry"],"yoast_head":"<!-- This site is optimized with the Yoast SEO plugin v27.3 - https:\/\/yoast.com\/product\/yoast-seo-wordpress\/ -->\n<title>ACTIVITIES - lifeherotile<\/title>\n<meta name=\"robots\" content=\"index, follow, max-snippet:-1, max-image-preview:large, max-video-preview:-1\" \/>\n<link rel=\"canonical\" href=\"https:\/\/www.lifeherotile.eu\/activities\/\" \/>\n<meta property=\"og:locale\" content=\"fr_FR\" \/>\n<meta property=\"og:type\" content=\"article\" \/>\n<meta property=\"og:title\" content=\"ACTIVITIES - lifeherotile\" \/>\n<meta property=\"og:url\" content=\"https:\/\/www.lifeherotile.eu\/activities\/\" \/>\n<meta property=\"og:site_name\" content=\"lifeherotile\" \/>\n<meta property=\"article:modified_time\" content=\"2016-05-02T12:29:58+00:00\" \/>\n<meta name=\"twitter:card\" content=\"summary_large_image\" \/>\n<meta name=\"twitter:label1\" content=\"Dur\u00e9e de lecture estim\u00e9e\" \/>\n\t<meta name=\"twitter:data1\" content=\"2 minutes\" \/>\n<script type=\"application\/ld+json\" class=\"yoast-schema-graph\">{\"@context\":\"https:\\\/\\\/schema.org\",\"@graph\":[{\"@type\":\"WebPage\",\"@id\":\"https:\\\/\\\/www.lifeherotile.eu\\\/activities\\\/\",\"url\":\"https:\\\/\\\/www.lifeherotile.eu\\\/activities\\\/\",\"name\":\"ACTIVITIES - lifeherotile\",\"isPartOf\":{\"@id\":\"https:\\\/\\\/www.lifeherotile.eu\\\/#website\"},\"datePublished\":\"2015-10-29T15:48:28+00:00\",\"dateModified\":\"2016-05-02T12:29:58+00:00\",\"breadcrumb\":{\"@id\":\"https:\\\/\\\/www.lifeherotile.eu\\\/activities\\\/#breadcrumb\"},\"inLanguage\":\"fr-FR\",\"potentialAction\":[{\"@type\":\"ReadAction\",\"target\":[\"https:\\\/\\\/www.lifeherotile.eu\\\/activities\\\/\"]}]},{\"@type\":\"BreadcrumbList\",\"@id\":\"https:\\\/\\\/www.lifeherotile.eu\\\/activities\\\/#breadcrumb\",\"itemListElement\":[{\"@type\":\"ListItem\",\"position\":1,\"name\":\"Home\",\"item\":\"https:\\\/\\\/www.lifeherotile.eu\\\/fr\\\/\"},{\"@type\":\"ListItem\",\"position\":2,\"name\":\"ACTIVITIES\"}]},{\"@type\":\"WebSite\",\"@id\":\"https:\\\/\\\/www.lifeherotile.eu\\\/#website\",\"url\":\"https:\\\/\\\/www.lifeherotile.eu\\\/\",\"name\":\"lifeherotile\",\"description\":\"High Energy savings in building cooling by ROof TILEs shape optimization toward a better above sheathing ventilation\",\"potentialAction\":[{\"@type\":\"SearchAction\",\"target\":{\"@type\":\"EntryPoint\",\"urlTemplate\":\"https:\\\/\\\/www.lifeherotile.eu\\\/?s={search_term_string}\"},\"query-input\":{\"@type\":\"PropertyValueSpecification\",\"valueRequired\":true,\"valueName\":\"search_term_string\"}}],\"inLanguage\":\"fr-FR\"}]}<\/script>\n<!-- \/ Yoast SEO plugin. -->","yoast_head_json":{"title":"ACTIVITIES - lifeherotile","robots":{"index":"index","follow":"follow","max-snippet":"max-snippet:-1","max-image-preview":"max-image-preview:large","max-video-preview":"max-video-preview:-1"},"canonical":"https:\/\/www.lifeherotile.eu\/activities\/","og_locale":"fr_FR","og_type":"article","og_title":"ACTIVITIES - lifeherotile","og_url":"https:\/\/www.lifeherotile.eu\/activities\/","og_site_name":"lifeherotile","article_modified_time":"2016-05-02T12:29:58+00:00","twitter_card":"summary_large_image","twitter_misc":{"Dur\u00e9e de lecture estim\u00e9e":"2 minutes"},"schema":{"@context":"https:\/\/schema.org","@graph":[{"@type":"WebPage","@id":"https:\/\/www.lifeherotile.eu\/activities\/","url":"https:\/\/www.lifeherotile.eu\/activities\/","name":"ACTIVITIES - lifeherotile","isPartOf":{"@id":"https:\/\/www.lifeherotile.eu\/#website"},"datePublished":"2015-10-29T15:48:28+00:00","dateModified":"2016-05-02T12:29:58+00:00","breadcrumb":{"@id":"https:\/\/www.lifeherotile.eu\/activities\/#breadcrumb"},"inLanguage":"fr-FR","potentialAction":[{"@type":"ReadAction","target":["https:\/\/www.lifeherotile.eu\/activities\/"]}]},{"@type":"BreadcrumbList","@id":"https:\/\/www.lifeherotile.eu\/activities\/#breadcrumb","itemListElement":[{"@type":"ListItem","position":1,"name":"Home","item":"https:\/\/www.lifeherotile.eu\/fr\/"},{"@type":"ListItem","position":2,"name":"ACTIVITIES"}]},{"@type":"WebSite","@id":"https:\/\/www.lifeherotile.eu\/#website","url":"https:\/\/www.lifeherotile.eu\/","name":"lifeherotile","description":"High Energy savings in building cooling by ROof TILEs shape optimization toward a better above sheathing ventilation","potentialAction":[{"@type":"SearchAction","target":{"@type":"EntryPoint","urlTemplate":"https:\/\/www.lifeherotile.eu\/?s={search_term_string}"},"query-input":{"@type":"PropertyValueSpecification","valueRequired":true,"valueName":"search_term_string"}}],"inLanguage":"fr-FR"}]}},"_links":{"self":[{"href":"https:\/\/www.lifeherotile.eu\/fr\/wp-json\/wp\/v2\/pages\/1673","targetHints":{"allow":["GET"]}}],"collection":[{"href":"https:\/\/www.lifeherotile.eu\/fr\/wp-json\/wp\/v2\/pages"}],"about":[{"href":"https:\/\/www.lifeherotile.eu\/fr\/wp-json\/wp\/v2\/types\/page"}],"author":[{"embeddable":true,"href":"https:\/\/www.lifeherotile.eu\/fr\/wp-json\/wp\/v2\/users\/2"}],"replies":[{"embeddable":true,"href":"https:\/\/www.lifeherotile.eu\/fr\/wp-json\/wp\/v2\/comments?post=1673"}],"version-history":[{"count":2,"href":"https:\/\/www.lifeherotile.eu\/fr\/wp-json\/wp\/v2\/pages\/1673\/revisions"}],"predecessor-version":[{"id":1676,"href":"https:\/\/www.lifeherotile.eu\/fr\/wp-json\/wp\/v2\/pages\/1673\/revisions\/1676"}],"wp:attachment":[{"href":"https:\/\/www.lifeherotile.eu\/fr\/wp-json\/wp\/v2\/media?parent=1673"}],"curies":[{"name":"wp","href":"https:\/\/api.w.org\/{rel}","templated":true}]}}