{"id":1692,"date":"2015-10-29T16:47:59","date_gmt":"2015-10-29T15:47:59","guid":{"rendered":"http:\/\/www.lifeherotile.eu\/fr\/problem-targeted\/"},"modified":"2016-05-02T14:35:03","modified_gmt":"2016-05-02T12:35:03","slug":"problem-targeted","status":"publish","type":"page","link":"https:\/\/www.lifeherotile.eu\/fr\/problem-targeted\/","title":{"rendered":"PROBLEM TARGETED"},"content":{"rendered":"\n<style type=\"text\/css\" data-created_by=\"avia_inline_auto\" id=\"style-css-av-av_section-f41b165e3b9914ec7a9c333138649272\">\n.avia-section.av-av_section-f41b165e3b9914ec7a9c333138649272{\nbackground-repeat:no-repeat;\nbackground-image:url(https:\/\/www.lifeherotile.eu\/wp-content\/uploads\/2015\/10\/dawn-1900551.jpg);\nbackground-position:0% 0%;\nbackground-attachment:scroll;\n}\n<\/style>\n<div id='av_section_1'  class='avia-section av-av_section-f41b165e3b9914ec7a9c333138649272 header_color avia-section-default avia-no-shadow  avia-builder-el-0  el_before_av_textblock  avia-builder-el-first  avia-bg-style-scroll container_wrap sidebar_right'  data-section-bg-repeat='no-repeat'><div class='container av-section-cont-open' ><main  role=\"main\" itemprop=\"mainContentOfPage\"  class='template-page content  av-content-small alpha units'><div class='post-entry post-entry-type-page post-entry-1692'><div class='entry-content-wrapper clearfix'>\n\n<style type=\"text\/css\" data-created_by=\"avia_inline_auto\" id=\"style-css-av-av_textblock-540ab12f0cc629a40364c90538f16291\">\n#top .av_textblock_section.av-av_textblock-540ab12f0cc629a40364c90538f16291 .avia_textblock{\nfont-size:39px;\n}\n<\/style>\n<section  class='av_textblock_section av-av_textblock-540ab12f0cc629a40364c90538f16291 '   itemscope=\"itemscope\" itemtype=\"https:\/\/schema.org\/CreativeWork\" ><div class='avia_textblock'  itemprop=\"text\" ><p><span style=\"color: #ffffff;\">PROBL\u00c8ME CIBL\u00c9<\/span><\/p>\n<\/div><\/section>\n<\/div><\/div><\/main><!-- close content main element --><\/div><\/div><div id='after_section_1'  class='main_color av_default_container_wrap container_wrap sidebar_right'  ><div class='container av-section-cont-open' ><div class='template-page content  av-content-small alpha units'><div class='post-entry post-entry-type-page post-entry-1692'><div class='entry-content-wrapper clearfix'>\n<style type=\"text\/css\" data-created_by=\"avia_inline_auto\" id=\"style-css-av-av_textblock-04925bd89c6136d362a84eb2d942e129\">\n#top .av_textblock_section.av-av_textblock-04925bd89c6136d362a84eb2d942e129 .avia_textblock{\nfont-size:17px;\n}\n<\/style>\n<section  class='av_textblock_section av-av_textblock-04925bd89c6136d362a84eb2d942e129 '   itemscope=\"itemscope\" itemtype=\"https:\/\/schema.org\/CreativeWork\" ><div class='avia_textblock'  itemprop=\"text\" ><p><strong>En \u00e9t\u00e9 dans les r\u00e9gions m\u00e9diterran\u00e9ennes<\/strong>, le rayonnement solaire provoque une surchauffe de l\u2019enveloppe (toiture et m\u00fbrs) et l\u2019int\u00e9rieur des b\u00e2timents et le besoin de la climatisation s\u2019impose. Les syst\u00e8mes passifs pour limiter les effets du rayonnement solaire sont principalement compos\u00e9s de fa\u00e7ades et de toitures ventil\u00e9es. La toiture est l\u2019\u00e9l\u00e9ment le plus expos\u00e9 au rayonnement solaire et cette exposition provoque une temp\u00e9rature \u00e9lev\u00e9e du grenier et des autres pi\u00e8ces, d\u2019o\u00f9 la n\u00e9cessit\u00e9 d\u2019une grande \u00e9nergie pour le refroidissement <strong>c\u2019est-\u00e0-dire que la principale demande<\/strong> en \u00e9nergie viendra de la climatisation. Cette demande \u00e9nerg\u00e9tique n\u2019est pas encore r\u00e9glement\u00e9e par la loi dans plusieurs pays europ\u00e9ens et ce sont pour la plupart, les pays du sud de l\u2019Europe o\u00f9 cette demande \u00e9nerg\u00e9tique est plus importante.<\/p>\n<p>130 millions d\u2019habitants en Europe du Sud correspondent \u00e0 presque 5,2 milliards de m\u00e8tres carr\u00e9s de superficie de maison et d\u20191 \u00e0 2 milliards de m\u00e8tres carr\u00e9s de superficie de la toiture (b\u00e2timents d\u2019un seul ou \u00e0 deux \u00e9tages, mansardes etc.). Les toitures \u00e0 pans inclin\u00e9s sont tr\u00e8s r\u00e9pandues dans les r\u00e9gions m\u00e9diterran\u00e9ennes comme l\u2019Italie, l\u2019Espagne et la Gr\u00e8ce mais \u00e9galement la France, le Portugal et bien d\u2019autres pays. <strong>Les toitures en tuiles peuvent s\u2019\u00e9lever<\/strong> de 50% \u00e0 80% de la superficie totale de la toiture (c\u2019est-\u00e0-dire de 500 \u00e0 1300 millions de m\u00e8tres carr\u00e9s). M\u00eame si la demande \u00e9nerg\u00e9tique de la climatisation d\u00e9pend de l\u2019\u00e2ge des b\u00e2timents et de leur utilisation, plusieurs \u00e9tudes montrent 60 kWht\/m2 comme la demande \u00e9nerg\u00e9tique pour climatiser les locaux. Par cons\u00e9quent, la demande \u00e9nerg\u00e9tique pour l\u2019espace sous la toiture est comprise de 30.000 \u00e0 70.000 GWht \u00e9quivalant \u00e0 10.000-25.000 GWhe prenant en consid\u00e9ration un coefficient de performance \u00e9gal \u00e0 3 (CP) pour les climatiseurs en marche.<\/p>\n<\/div><\/section><\/p>\n","protected":false},"excerpt":{"rendered":"","protected":false},"author":2,"featured_media":0,"parent":0,"menu_order":0,"comment_status":"closed","ping_status":"closed","template":"","meta":{"footnotes":""},"class_list":["post-1692","page","type-page","status-publish","hentry"],"yoast_head":"<!-- This site is optimized with the Yoast SEO plugin v27.3 - https:\/\/yoast.com\/product\/yoast-seo-wordpress\/ -->\n<title>PROBLEM TARGETED - lifeherotile<\/title>\n<meta name=\"robots\" content=\"index, follow, max-snippet:-1, max-image-preview:large, max-video-preview:-1\" \/>\n<link rel=\"canonical\" href=\"https:\/\/www.lifeherotile.eu\/fr\/problem-targeted\/\" \/>\n<meta property=\"og:locale\" content=\"fr_FR\" \/>\n<meta property=\"og:type\" content=\"article\" \/>\n<meta property=\"og:title\" content=\"PROBLEM TARGETED - lifeherotile\" \/>\n<meta property=\"og:url\" content=\"https:\/\/www.lifeherotile.eu\/fr\/problem-targeted\/\" \/>\n<meta property=\"og:site_name\" content=\"lifeherotile\" \/>\n<meta property=\"article:modified_time\" content=\"2016-05-02T12:35:03+00:00\" \/>\n<meta name=\"twitter:card\" content=\"summary_large_image\" \/>\n<meta name=\"twitter:label1\" content=\"Dur\u00e9e de lecture estim\u00e9e\" \/>\n\t<meta name=\"twitter:data1\" content=\"2 minutes\" \/>\n<script type=\"application\/ld+json\" class=\"yoast-schema-graph\">{\"@context\":\"https:\\\/\\\/schema.org\",\"@graph\":[{\"@type\":\"WebPage\",\"@id\":\"https:\\\/\\\/www.lifeherotile.eu\\\/fr\\\/problem-targeted\\\/\",\"url\":\"https:\\\/\\\/www.lifeherotile.eu\\\/fr\\\/problem-targeted\\\/\",\"name\":\"PROBLEM TARGETED - lifeherotile\",\"isPartOf\":{\"@id\":\"https:\\\/\\\/www.lifeherotile.eu\\\/#website\"},\"datePublished\":\"2015-10-29T15:47:59+00:00\",\"dateModified\":\"2016-05-02T12:35:03+00:00\",\"breadcrumb\":{\"@id\":\"https:\\\/\\\/www.lifeherotile.eu\\\/fr\\\/problem-targeted\\\/#breadcrumb\"},\"inLanguage\":\"fr-FR\",\"potentialAction\":[{\"@type\":\"ReadAction\",\"target\":[\"https:\\\/\\\/www.lifeherotile.eu\\\/fr\\\/problem-targeted\\\/\"]}]},{\"@type\":\"BreadcrumbList\",\"@id\":\"https:\\\/\\\/www.lifeherotile.eu\\\/fr\\\/problem-targeted\\\/#breadcrumb\",\"itemListElement\":[{\"@type\":\"ListItem\",\"position\":1,\"name\":\"Home\",\"item\":\"https:\\\/\\\/www.lifeherotile.eu\\\/fr\\\/\"},{\"@type\":\"ListItem\",\"position\":2,\"name\":\"PROBLEM TARGETED\"}]},{\"@type\":\"WebSite\",\"@id\":\"https:\\\/\\\/www.lifeherotile.eu\\\/#website\",\"url\":\"https:\\\/\\\/www.lifeherotile.eu\\\/\",\"name\":\"lifeherotile\",\"description\":\"High Energy savings in building cooling by ROof TILEs shape optimization toward a better above sheathing ventilation\",\"potentialAction\":[{\"@type\":\"SearchAction\",\"target\":{\"@type\":\"EntryPoint\",\"urlTemplate\":\"https:\\\/\\\/www.lifeherotile.eu\\\/?s={search_term_string}\"},\"query-input\":{\"@type\":\"PropertyValueSpecification\",\"valueRequired\":true,\"valueName\":\"search_term_string\"}}],\"inLanguage\":\"fr-FR\"}]}<\/script>\n<!-- \/ Yoast SEO plugin. -->","yoast_head_json":{"title":"PROBLEM TARGETED - lifeherotile","robots":{"index":"index","follow":"follow","max-snippet":"max-snippet:-1","max-image-preview":"max-image-preview:large","max-video-preview":"max-video-preview:-1"},"canonical":"https:\/\/www.lifeherotile.eu\/fr\/problem-targeted\/","og_locale":"fr_FR","og_type":"article","og_title":"PROBLEM TARGETED - lifeherotile","og_url":"https:\/\/www.lifeherotile.eu\/fr\/problem-targeted\/","og_site_name":"lifeherotile","article_modified_time":"2016-05-02T12:35:03+00:00","twitter_card":"summary_large_image","twitter_misc":{"Dur\u00e9e de lecture estim\u00e9e":"2 minutes"},"schema":{"@context":"https:\/\/schema.org","@graph":[{"@type":"WebPage","@id":"https:\/\/www.lifeherotile.eu\/fr\/problem-targeted\/","url":"https:\/\/www.lifeherotile.eu\/fr\/problem-targeted\/","name":"PROBLEM TARGETED - lifeherotile","isPartOf":{"@id":"https:\/\/www.lifeherotile.eu\/#website"},"datePublished":"2015-10-29T15:47:59+00:00","dateModified":"2016-05-02T12:35:03+00:00","breadcrumb":{"@id":"https:\/\/www.lifeherotile.eu\/fr\/problem-targeted\/#breadcrumb"},"inLanguage":"fr-FR","potentialAction":[{"@type":"ReadAction","target":["https:\/\/www.lifeherotile.eu\/fr\/problem-targeted\/"]}]},{"@type":"BreadcrumbList","@id":"https:\/\/www.lifeherotile.eu\/fr\/problem-targeted\/#breadcrumb","itemListElement":[{"@type":"ListItem","position":1,"name":"Home","item":"https:\/\/www.lifeherotile.eu\/fr\/"},{"@type":"ListItem","position":2,"name":"PROBLEM TARGETED"}]},{"@type":"WebSite","@id":"https:\/\/www.lifeherotile.eu\/#website","url":"https:\/\/www.lifeherotile.eu\/","name":"lifeherotile","description":"High Energy savings in building cooling by ROof TILEs shape optimization toward a better above sheathing ventilation","potentialAction":[{"@type":"SearchAction","target":{"@type":"EntryPoint","urlTemplate":"https:\/\/www.lifeherotile.eu\/?s={search_term_string}"},"query-input":{"@type":"PropertyValueSpecification","valueRequired":true,"valueName":"search_term_string"}}],"inLanguage":"fr-FR"}]}},"_links":{"self":[{"href":"https:\/\/www.lifeherotile.eu\/fr\/wp-json\/wp\/v2\/pages\/1692","targetHints":{"allow":["GET"]}}],"collection":[{"href":"https:\/\/www.lifeherotile.eu\/fr\/wp-json\/wp\/v2\/pages"}],"about":[{"href":"https:\/\/www.lifeherotile.eu\/fr\/wp-json\/wp\/v2\/types\/page"}],"author":[{"embeddable":true,"href":"https:\/\/www.lifeherotile.eu\/fr\/wp-json\/wp\/v2\/users\/2"}],"replies":[{"embeddable":true,"href":"https:\/\/www.lifeherotile.eu\/fr\/wp-json\/wp\/v2\/comments?post=1692"}],"version-history":[{"count":2,"href":"https:\/\/www.lifeherotile.eu\/fr\/wp-json\/wp\/v2\/pages\/1692\/revisions"}],"predecessor-version":[{"id":1695,"href":"https:\/\/www.lifeherotile.eu\/fr\/wp-json\/wp\/v2\/pages\/1692\/revisions\/1695"}],"wp:attachment":[{"href":"https:\/\/www.lifeherotile.eu\/fr\/wp-json\/wp\/v2\/media?parent=1692"}],"curies":[{"name":"wp","href":"https:\/\/api.w.org\/{rel}","templated":true}]}}