{"id":1697,"date":"2015-10-29T16:48:10","date_gmt":"2015-10-29T15:48:10","guid":{"rendered":"http:\/\/www.lifeherotile.eu\/fr\/solution-proposed\/"},"modified":"2018-12-07T11:36:55","modified_gmt":"2018-12-07T10:36:55","slug":"solution-proposed","status":"publish","type":"page","link":"https:\/\/www.lifeherotile.eu\/fr\/solution-proposed\/","title":{"rendered":"SOLUTION PROPOSED"},"content":{"rendered":"\n<style type=\"text\/css\" data-created_by=\"avia_inline_auto\" id=\"style-css-av-av_section-ce25b5c9cf5a839900314cac3ac26455\">\n.avia-section.av-av_section-ce25b5c9cf5a839900314cac3ac26455{\nbackground-repeat:no-repeat;\nbackground-image:url(https:\/\/www.lifeherotile.eu\/wp-content\/uploads\/2015\/10\/banner-982162_19202.jpg);\nbackground-position:0% 0%;\nbackground-attachment:scroll;\n}\n<\/style>\n<div id='av_section_1'  class='avia-section av-av_section-ce25b5c9cf5a839900314cac3ac26455 main_color avia-section-default avia-no-shadow  avia-builder-el-0  el_before_av_textblock  avia-builder-el-first  avia-bg-style-scroll container_wrap sidebar_right'  data-section-bg-repeat='no-repeat'><div class='container av-section-cont-open' ><main  role=\"main\" itemprop=\"mainContentOfPage\"  class='template-page content  av-content-small alpha units'><div class='post-entry post-entry-type-page post-entry-1697'><div class='entry-content-wrapper clearfix'>\n\n<style type=\"text\/css\" data-created_by=\"avia_inline_auto\" id=\"style-css-av-av_textblock-013874ef00b5638042cf74911f585a31\">\n#top .av_textblock_section.av-av_textblock-013874ef00b5638042cf74911f585a31 .avia_textblock{\nfont-size:32px;\n}\n<\/style>\n<section  class='av_textblock_section av-av_textblock-013874ef00b5638042cf74911f585a31 '   itemscope=\"itemscope\" itemtype=\"https:\/\/schema.org\/CreativeWork\" ><div class='avia_textblock'  itemprop=\"text\" ><p><span style=\"color: #ffffff;\">SOLUTION PROPOS\u00c9E<\/span><\/p>\n<\/div><\/section>\n<\/div><\/div><\/main><!-- close content main element --><\/div><\/div><div id='after_section_1'  class='main_color av_default_container_wrap container_wrap sidebar_right'  ><div class='container av-section-cont-open' ><div class='template-page content  av-content-small alpha units'><div class='post-entry post-entry-type-page post-entry-1697'><div class='entry-content-wrapper clearfix'>\n<style type=\"text\/css\" data-created_by=\"avia_inline_auto\" id=\"style-css-av-av_textblock-04925bd89c6136d362a84eb2d942e129\">\n#top .av_textblock_section.av-av_textblock-04925bd89c6136d362a84eb2d942e129 .avia_textblock{\nfont-size:17px;\n}\n<\/style>\n<section  class='av_textblock_section av-av_textblock-04925bd89c6136d362a84eb2d942e129 '   itemscope=\"itemscope\" itemtype=\"https:\/\/schema.org\/CreativeWork\" ><div class='avia_textblock'  itemprop=\"text\" ><p>La solution propos\u00e9e pour booster le secteur de la construction de <strong>l\u2019Union europ\u00e9enne<\/strong> (r\u00e9novation et nouvelles constructions) afin d\u2019atteindre ses objectifs de performance \u00e9nerg\u00e9tique, ses \u00e9missions de CO2 li\u00e9es \u00e0 l\u2019\u00e9nergie et pour faciliter l\u2019adoption sur le march\u00e9 mondial d\u2019un produit \u00e9co-innovant de l\u2019UE capable d\u2019aider \u00e0 parvenir \u00e0 ces objectifs, le Project<strong> LIFE HEROTILE<\/strong> va concevoir:<\/p>\n<ul>\n<li><strong>Deux nouveaux types<\/strong> de tuiles de toiture (les tuiles marseillaises et portugaises) avec une forme caract\u00e9ris\u00e9e par une haute perm\u00e9abilit\u00e9 \u00e0 l\u2019air par la superposition des tuiles et un meilleur rendement en \u00e9nergie par la disposition passive du rayonnement solaire et une ventilation sous les tuiles.<\/li>\n<li><strong>Un logiciel gratuit<\/strong>, pratique et simplifi\u00e9 destin\u00e9 aux architectes et techniciens\u00a0\u2013 Le logiciel SENSAPIRO\u00a0pour la faible consommation en \u00e9nergie des toitures \u00e0 pans inclin\u00e9s a \u00e9t\u00e9 con\u00e7u d\u2019apr\u00e8s certaines donn\u00e9es exp\u00e9rimentales. Il sera possible de pr\u00e9dire le rendement \u00e9nerg\u00e9tique d\u2019un m\u00eame b\u00e2timent en modifiant simplement la configuration de la toiture.<\/li>\n<\/ul>\n<\/div><\/section><\/p>\n","protected":false},"excerpt":{"rendered":"","protected":false},"author":2,"featured_media":0,"parent":0,"menu_order":0,"comment_status":"closed","ping_status":"closed","template":"","meta":{"footnotes":""},"class_list":["post-1697","page","type-page","status-publish","hentry"],"yoast_head":"<!-- This site is optimized with the Yoast SEO plugin v27.4 - https:\/\/yoast.com\/product\/yoast-seo-wordpress\/ -->\n<title>SOLUTION PROPOSED - lifeherotile<\/title>\n<meta name=\"robots\" content=\"index, follow, max-snippet:-1, max-image-preview:large, max-video-preview:-1\" \/>\n<link rel=\"canonical\" href=\"https:\/\/www.lifeherotile.eu\/fr\/solution-proposed\/\" \/>\n<meta property=\"og:locale\" content=\"fr_FR\" \/>\n<meta property=\"og:type\" content=\"article\" \/>\n<meta property=\"og:title\" content=\"SOLUTION PROPOSED - lifeherotile\" \/>\n<meta property=\"og:url\" content=\"https:\/\/www.lifeherotile.eu\/fr\/solution-proposed\/\" \/>\n<meta property=\"og:site_name\" content=\"lifeherotile\" \/>\n<meta property=\"article:modified_time\" content=\"2018-12-07T10:36:55+00:00\" \/>\n<meta name=\"twitter:card\" content=\"summary_large_image\" \/>\n<meta name=\"twitter:label1\" content=\"Dur\u00e9e de lecture estim\u00e9e\" \/>\n\t<meta name=\"twitter:data1\" content=\"1 minute\" \/>\n<script type=\"application\/ld+json\" class=\"yoast-schema-graph\">{\"@context\":\"https:\\\/\\\/schema.org\",\"@graph\":[{\"@type\":\"WebPage\",\"@id\":\"https:\\\/\\\/www.lifeherotile.eu\\\/fr\\\/solution-proposed\\\/\",\"url\":\"https:\\\/\\\/www.lifeherotile.eu\\\/fr\\\/solution-proposed\\\/\",\"name\":\"SOLUTION PROPOSED - lifeherotile\",\"isPartOf\":{\"@id\":\"https:\\\/\\\/www.lifeherotile.eu\\\/#website\"},\"datePublished\":\"2015-10-29T15:48:10+00:00\",\"dateModified\":\"2018-12-07T10:36:55+00:00\",\"breadcrumb\":{\"@id\":\"https:\\\/\\\/www.lifeherotile.eu\\\/fr\\\/solution-proposed\\\/#breadcrumb\"},\"inLanguage\":\"fr-FR\",\"potentialAction\":[{\"@type\":\"ReadAction\",\"target\":[\"https:\\\/\\\/www.lifeherotile.eu\\\/fr\\\/solution-proposed\\\/\"]}]},{\"@type\":\"BreadcrumbList\",\"@id\":\"https:\\\/\\\/www.lifeherotile.eu\\\/fr\\\/solution-proposed\\\/#breadcrumb\",\"itemListElement\":[{\"@type\":\"ListItem\",\"position\":1,\"name\":\"Home\",\"item\":\"https:\\\/\\\/www.lifeherotile.eu\\\/fr\\\/\"},{\"@type\":\"ListItem\",\"position\":2,\"name\":\"SOLUTION PROPOSED\"}]},{\"@type\":\"WebSite\",\"@id\":\"https:\\\/\\\/www.lifeherotile.eu\\\/#website\",\"url\":\"https:\\\/\\\/www.lifeherotile.eu\\\/\",\"name\":\"lifeherotile\",\"description\":\"High Energy savings in building cooling by ROof TILEs shape optimization toward a better above sheathing ventilation\",\"potentialAction\":[{\"@type\":\"SearchAction\",\"target\":{\"@type\":\"EntryPoint\",\"urlTemplate\":\"https:\\\/\\\/www.lifeherotile.eu\\\/?s={search_term_string}\"},\"query-input\":{\"@type\":\"PropertyValueSpecification\",\"valueRequired\":true,\"valueName\":\"search_term_string\"}}],\"inLanguage\":\"fr-FR\"}]}<\/script>\n<!-- \/ Yoast SEO plugin. -->","yoast_head_json":{"title":"SOLUTION PROPOSED - lifeherotile","robots":{"index":"index","follow":"follow","max-snippet":"max-snippet:-1","max-image-preview":"max-image-preview:large","max-video-preview":"max-video-preview:-1"},"canonical":"https:\/\/www.lifeherotile.eu\/fr\/solution-proposed\/","og_locale":"fr_FR","og_type":"article","og_title":"SOLUTION PROPOSED - lifeherotile","og_url":"https:\/\/www.lifeherotile.eu\/fr\/solution-proposed\/","og_site_name":"lifeherotile","article_modified_time":"2018-12-07T10:36:55+00:00","twitter_card":"summary_large_image","twitter_misc":{"Dur\u00e9e de lecture estim\u00e9e":"1 minute"},"schema":{"@context":"https:\/\/schema.org","@graph":[{"@type":"WebPage","@id":"https:\/\/www.lifeherotile.eu\/fr\/solution-proposed\/","url":"https:\/\/www.lifeherotile.eu\/fr\/solution-proposed\/","name":"SOLUTION PROPOSED - lifeherotile","isPartOf":{"@id":"https:\/\/www.lifeherotile.eu\/#website"},"datePublished":"2015-10-29T15:48:10+00:00","dateModified":"2018-12-07T10:36:55+00:00","breadcrumb":{"@id":"https:\/\/www.lifeherotile.eu\/fr\/solution-proposed\/#breadcrumb"},"inLanguage":"fr-FR","potentialAction":[{"@type":"ReadAction","target":["https:\/\/www.lifeherotile.eu\/fr\/solution-proposed\/"]}]},{"@type":"BreadcrumbList","@id":"https:\/\/www.lifeherotile.eu\/fr\/solution-proposed\/#breadcrumb","itemListElement":[{"@type":"ListItem","position":1,"name":"Home","item":"https:\/\/www.lifeherotile.eu\/fr\/"},{"@type":"ListItem","position":2,"name":"SOLUTION PROPOSED"}]},{"@type":"WebSite","@id":"https:\/\/www.lifeherotile.eu\/#website","url":"https:\/\/www.lifeherotile.eu\/","name":"lifeherotile","description":"High Energy savings in building cooling by ROof TILEs shape optimization toward a better above sheathing ventilation","potentialAction":[{"@type":"SearchAction","target":{"@type":"EntryPoint","urlTemplate":"https:\/\/www.lifeherotile.eu\/?s={search_term_string}"},"query-input":{"@type":"PropertyValueSpecification","valueRequired":true,"valueName":"search_term_string"}}],"inLanguage":"fr-FR"}]}},"_links":{"self":[{"href":"https:\/\/www.lifeherotile.eu\/fr\/wp-json\/wp\/v2\/pages\/1697","targetHints":{"allow":["GET"]}}],"collection":[{"href":"https:\/\/www.lifeherotile.eu\/fr\/wp-json\/wp\/v2\/pages"}],"about":[{"href":"https:\/\/www.lifeherotile.eu\/fr\/wp-json\/wp\/v2\/types\/page"}],"author":[{"embeddable":true,"href":"https:\/\/www.lifeherotile.eu\/fr\/wp-json\/wp\/v2\/users\/2"}],"replies":[{"embeddable":true,"href":"https:\/\/www.lifeherotile.eu\/fr\/wp-json\/wp\/v2\/comments?post=1697"}],"version-history":[{"count":2,"href":"https:\/\/www.lifeherotile.eu\/fr\/wp-json\/wp\/v2\/pages\/1697\/revisions"}],"predecessor-version":[{"id":1701,"href":"https:\/\/www.lifeherotile.eu\/fr\/wp-json\/wp\/v2\/pages\/1697\/revisions\/1701"}],"wp:attachment":[{"href":"https:\/\/www.lifeherotile.eu\/fr\/wp-json\/wp\/v2\/media?parent=1697"}],"curies":[{"name":"wp","href":"https:\/\/api.w.org\/{rel}","templated":true}]}}