{"id":1754,"date":"2015-10-27T12:45:39","date_gmt":"2015-10-27T11:45:39","guid":{"rendered":"http:\/\/www.lifeherotile.eu\/fr\/contacts\/"},"modified":"2016-05-02T15:16:12","modified_gmt":"2016-05-02T13:16:12","slug":"contacts","status":"publish","type":"page","link":"https:\/\/www.lifeherotile.eu\/fr\/contacts\/","title":{"rendered":"CONTACTS"},"content":{"rendered":"<section  class='av_textblock_section av-av_textblock-0366cc7376be6c9e82a3e9cc8987b64f '   itemscope=\"itemscope\" itemtype=\"https:\/\/schema.org\/CreativeWork\" ><div class='avia_textblock'  itemprop=\"text\" ><p><a href=\"http:\/\/www.lifeherotile.eu\/wp-content\/uploads\/2015\/10\/cunial.jpg\"><img loading=\"lazy\" decoding=\"async\" class=\"size-medium wp-image-454 aligncenter\" src=\"http:\/\/www.lifeherotile.eu\/wp-content\/uploads\/2015\/10\/cunial-300x200.jpg\" alt=\"cunial\" width=\"300\" height=\"200\" srcset=\"https:\/\/www.lifeherotile.eu\/wp-content\/uploads\/2015\/10\/cunial-300x200.jpg 300w, https:\/\/www.lifeherotile.eu\/wp-content\/uploads\/2015\/10\/cunial-1030x686.jpg 1030w, https:\/\/www.lifeherotile.eu\/wp-content\/uploads\/2015\/10\/cunial-1500x999.jpg 1500w, https:\/\/www.lifeherotile.eu\/wp-content\/uploads\/2015\/10\/cunial-705x469.jpg 705w, https:\/\/www.lifeherotile.eu\/wp-content\/uploads\/2015\/10\/cunial-450x300.jpg 450w\" sizes=\"auto, (max-width: 300px) 100vw, 300px\" \/><\/a><\/p>\n<p style=\"text-align: center;\"><strong>MARIO CUNIAL<\/strong><\/p>\n<p style=\"text-align: center;\"><em>Vice presidente at INDUSTRIE COTTO POSSAGNO<\/em><\/p>\n<p style=\"text-align: center;\"><em>Treviso, Italia<\/em><\/p>\n<p style=\"text-align: center;\"><strong><span style=\"color: #338e85;\">lifeherotile@gmail.com<\/span><\/strong><\/p>\n<\/div><\/section>\n\n<style type=\"text\/css\" data-created_by=\"avia_inline_auto\" id=\"style-css-av-av_hr-0688d0b0b6ed2f8b057db7a8270206df\">\n#top .hr.hr-invisible.av-av_hr-0688d0b0b6ed2f8b057db7a8270206df{\nheight:50px;\n}\n<\/style>\n<div  class='hr av-av_hr-0688d0b0b6ed2f8b057db7a8270206df hr-invisible  avia-builder-el-1  el_after_av_textblock  el_before_av_icon_box '><span class='hr-inner '><span class=\"hr-inner-style\"><\/span><\/span><\/div>\n<article  class='iconbox iconbox_top av-av_icon_box-4df61c7fd19f51eedaba64878a6c56d3  avia-builder-el-2  el_after_av_hr  avia-builder-el-last  main_color'  itemscope=\"itemscope\" itemtype=\"https:\/\/schema.org\/CreativeWork\" ><div class=\"iconbox_content\"><header class=\"entry-content-header\" aria-label=\"Ic\u00f4ne : BULLETIN\"><div class='iconbox_icon heading-color avia-iconfont avia-font-entypo-fontello' data-av_icon='\ue805' data-av_iconfont='entypo-fontello' title=\"BULLETIN\" desc=\"BULLETIN\" ><\/div><h3 class='iconbox_content_title '  itemprop=\"headline\" ><a href='https:\/\/docs.google.com\/forms\/d\/11ZHj2hviblugvyHvNoL5G8hR3C1iAlc-UGwZLOCrXwE\/viewform' title='BULLETIN'  target=\"_blank\"  rel=\"noopener noreferrer\" >BULLETIN<\/a><\/h3><\/header><div class='iconbox_content_container '  itemprop=\"text\" ><div  class='avia-button-wrap av-av_button-02080d124e58edf305da0ef06824457b-wrap avia-button-center  avia-builder-el-3  avia-builder-el-no-sibling '><a href='https:\/\/docs.google.com\/forms\/d\/11ZHj2hviblugvyHvNoL5G8hR3C1iAlc-UGwZLOCrXwE\/viewform'  class='avia-button av-av_button-02080d124e58edf305da0ef06824457b av-link-btn avia-icon_select-no avia-size-x-large avia-position-center avia-color-theme-color'  target=\"_blank\"  rel=\"noopener noreferrer\"  aria-label=\"Inscrivez-vous \u00e0 la newsletter pour \u00eatre mis \u00e0 jour Projet Herotile vie sur\"><span class='avia_iconbox_title' >Inscrivez-vous \u00e0 la newsletter pour \u00eatre mis \u00e0 jour Projet Herotile vie sur<\/span><\/a><\/div>\n<\/div><\/div><footer class=\"entry-footer\"><\/footer><\/article>\n","protected":false},"excerpt":{"rendered":"","protected":false},"author":2,"featured_media":0,"parent":0,"menu_order":0,"comment_status":"closed","ping_status":"closed","template":"","meta":{"footnotes":""},"class_list":["post-1754","page","type-page","status-publish","hentry"],"yoast_head":"<!-- This site is optimized with the Yoast SEO plugin v27.3 - https:\/\/yoast.com\/product\/yoast-seo-wordpress\/ -->\n<title>CONTACTS - lifeherotile<\/title>\n<meta name=\"robots\" content=\"index, follow, max-snippet:-1, max-image-preview:large, max-video-preview:-1\" \/>\n<link rel=\"canonical\" href=\"https:\/\/www.lifeherotile.eu\/contacts\/\" \/>\n<meta property=\"og:locale\" content=\"fr_FR\" \/>\n<meta property=\"og:type\" content=\"article\" \/>\n<meta property=\"og:title\" content=\"CONTACTS - lifeherotile\" \/>\n<meta property=\"og:url\" content=\"https:\/\/www.lifeherotile.eu\/contacts\/\" \/>\n<meta property=\"og:site_name\" content=\"lifeherotile\" \/>\n<meta property=\"article:modified_time\" content=\"2016-05-02T13:16:12+00:00\" \/>\n<meta property=\"og:image\" content=\"http:\/\/www.lifeherotile.eu\/wp-content\/uploads\/2015\/10\/cunial-300x200.jpg\" \/>\n<meta name=\"twitter:card\" content=\"summary_large_image\" \/>\n<meta name=\"twitter:label1\" content=\"Dur\u00e9e de lecture estim\u00e9e\" \/>\n\t<meta name=\"twitter:data1\" content=\"1 minute\" \/>\n<script type=\"application\/ld+json\" class=\"yoast-schema-graph\">{\"@context\":\"https:\\\/\\\/schema.org\",\"@graph\":[{\"@type\":\"WebPage\",\"@id\":\"https:\\\/\\\/www.lifeherotile.eu\\\/contacts\\\/\",\"url\":\"https:\\\/\\\/www.lifeherotile.eu\\\/contacts\\\/\",\"name\":\"CONTACTS - lifeherotile\",\"isPartOf\":{\"@id\":\"https:\\\/\\\/www.lifeherotile.eu\\\/#website\"},\"primaryImageOfPage\":{\"@id\":\"https:\\\/\\\/www.lifeherotile.eu\\\/contacts\\\/#primaryimage\"},\"image\":{\"@id\":\"https:\\\/\\\/www.lifeherotile.eu\\\/contacts\\\/#primaryimage\"},\"thumbnailUrl\":\"http:\\\/\\\/www.lifeherotile.eu\\\/wp-content\\\/uploads\\\/2015\\\/10\\\/cunial-300x200.jpg\",\"datePublished\":\"2015-10-27T11:45:39+00:00\",\"dateModified\":\"2016-05-02T13:16:12+00:00\",\"breadcrumb\":{\"@id\":\"https:\\\/\\\/www.lifeherotile.eu\\\/contacts\\\/#breadcrumb\"},\"inLanguage\":\"fr-FR\",\"potentialAction\":[{\"@type\":\"ReadAction\",\"target\":[\"https:\\\/\\\/www.lifeherotile.eu\\\/contacts\\\/\"]}]},{\"@type\":\"ImageObject\",\"inLanguage\":\"fr-FR\",\"@id\":\"https:\\\/\\\/www.lifeherotile.eu\\\/contacts\\\/#primaryimage\",\"url\":\"http:\\\/\\\/www.lifeherotile.eu\\\/wp-content\\\/uploads\\\/2015\\\/10\\\/cunial-300x200.jpg\",\"contentUrl\":\"http:\\\/\\\/www.lifeherotile.eu\\\/wp-content\\\/uploads\\\/2015\\\/10\\\/cunial-300x200.jpg\"},{\"@type\":\"BreadcrumbList\",\"@id\":\"https:\\\/\\\/www.lifeherotile.eu\\\/contacts\\\/#breadcrumb\",\"itemListElement\":[{\"@type\":\"ListItem\",\"position\":1,\"name\":\"Home\",\"item\":\"https:\\\/\\\/www.lifeherotile.eu\\\/fr\\\/\"},{\"@type\":\"ListItem\",\"position\":2,\"name\":\"CONTACTS\"}]},{\"@type\":\"WebSite\",\"@id\":\"https:\\\/\\\/www.lifeherotile.eu\\\/#website\",\"url\":\"https:\\\/\\\/www.lifeherotile.eu\\\/\",\"name\":\"lifeherotile\",\"description\":\"High Energy savings in building cooling by ROof TILEs shape optimization toward a better above sheathing ventilation\",\"potentialAction\":[{\"@type\":\"SearchAction\",\"target\":{\"@type\":\"EntryPoint\",\"urlTemplate\":\"https:\\\/\\\/www.lifeherotile.eu\\\/?s={search_term_string}\"},\"query-input\":{\"@type\":\"PropertyValueSpecification\",\"valueRequired\":true,\"valueName\":\"search_term_string\"}}],\"inLanguage\":\"fr-FR\"}]}<\/script>\n<!-- \/ Yoast SEO plugin. -->","yoast_head_json":{"title":"CONTACTS - lifeherotile","robots":{"index":"index","follow":"follow","max-snippet":"max-snippet:-1","max-image-preview":"max-image-preview:large","max-video-preview":"max-video-preview:-1"},"canonical":"https:\/\/www.lifeherotile.eu\/contacts\/","og_locale":"fr_FR","og_type":"article","og_title":"CONTACTS - lifeherotile","og_url":"https:\/\/www.lifeherotile.eu\/contacts\/","og_site_name":"lifeherotile","article_modified_time":"2016-05-02T13:16:12+00:00","og_image":[{"url":"http:\/\/www.lifeherotile.eu\/wp-content\/uploads\/2015\/10\/cunial-300x200.jpg","type":"","width":"","height":""}],"twitter_card":"summary_large_image","twitter_misc":{"Dur\u00e9e de lecture estim\u00e9e":"1 minute"},"schema":{"@context":"https:\/\/schema.org","@graph":[{"@type":"WebPage","@id":"https:\/\/www.lifeherotile.eu\/contacts\/","url":"https:\/\/www.lifeherotile.eu\/contacts\/","name":"CONTACTS - lifeherotile","isPartOf":{"@id":"https:\/\/www.lifeherotile.eu\/#website"},"primaryImageOfPage":{"@id":"https:\/\/www.lifeherotile.eu\/contacts\/#primaryimage"},"image":{"@id":"https:\/\/www.lifeherotile.eu\/contacts\/#primaryimage"},"thumbnailUrl":"http:\/\/www.lifeherotile.eu\/wp-content\/uploads\/2015\/10\/cunial-300x200.jpg","datePublished":"2015-10-27T11:45:39+00:00","dateModified":"2016-05-02T13:16:12+00:00","breadcrumb":{"@id":"https:\/\/www.lifeherotile.eu\/contacts\/#breadcrumb"},"inLanguage":"fr-FR","potentialAction":[{"@type":"ReadAction","target":["https:\/\/www.lifeherotile.eu\/contacts\/"]}]},{"@type":"ImageObject","inLanguage":"fr-FR","@id":"https:\/\/www.lifeherotile.eu\/contacts\/#primaryimage","url":"http:\/\/www.lifeherotile.eu\/wp-content\/uploads\/2015\/10\/cunial-300x200.jpg","contentUrl":"http:\/\/www.lifeherotile.eu\/wp-content\/uploads\/2015\/10\/cunial-300x200.jpg"},{"@type":"BreadcrumbList","@id":"https:\/\/www.lifeherotile.eu\/contacts\/#breadcrumb","itemListElement":[{"@type":"ListItem","position":1,"name":"Home","item":"https:\/\/www.lifeherotile.eu\/fr\/"},{"@type":"ListItem","position":2,"name":"CONTACTS"}]},{"@type":"WebSite","@id":"https:\/\/www.lifeherotile.eu\/#website","url":"https:\/\/www.lifeherotile.eu\/","name":"lifeherotile","description":"High Energy savings in building cooling by ROof TILEs shape optimization toward a better above sheathing ventilation","potentialAction":[{"@type":"SearchAction","target":{"@type":"EntryPoint","urlTemplate":"https:\/\/www.lifeherotile.eu\/?s={search_term_string}"},"query-input":{"@type":"PropertyValueSpecification","valueRequired":true,"valueName":"search_term_string"}}],"inLanguage":"fr-FR"}]}},"_links":{"self":[{"href":"https:\/\/www.lifeherotile.eu\/fr\/wp-json\/wp\/v2\/pages\/1754","targetHints":{"allow":["GET"]}}],"collection":[{"href":"https:\/\/www.lifeherotile.eu\/fr\/wp-json\/wp\/v2\/pages"}],"about":[{"href":"https:\/\/www.lifeherotile.eu\/fr\/wp-json\/wp\/v2\/types\/page"}],"author":[{"embeddable":true,"href":"https:\/\/www.lifeherotile.eu\/fr\/wp-json\/wp\/v2\/users\/2"}],"replies":[{"embeddable":true,"href":"https:\/\/www.lifeherotile.eu\/fr\/wp-json\/wp\/v2\/comments?post=1754"}],"version-history":[{"count":1,"href":"https:\/\/www.lifeherotile.eu\/fr\/wp-json\/wp\/v2\/pages\/1754\/revisions"}],"predecessor-version":[{"id":1756,"href":"https:\/\/www.lifeherotile.eu\/fr\/wp-json\/wp\/v2\/pages\/1754\/revisions\/1756"}],"wp:attachment":[{"href":"https:\/\/www.lifeherotile.eu\/fr\/wp-json\/wp\/v2\/media?parent=1754"}],"curies":[{"name":"wp","href":"https:\/\/api.w.org\/{rel}","templated":true}]}}