{"id":1331,"date":"2015-10-27T12:43:54","date_gmt":"2015-10-27T11:43:54","guid":{"rendered":"http:\/\/www.lifeherotile.eu\/it\/?page_id=1331"},"modified":"2016-04-28T12:48:50","modified_gmt":"2016-04-28T10:48:50","slug":"innovation","status":"publish","type":"page","link":"https:\/\/www.lifeherotile.eu\/it\/innovation\/","title":{"rendered":"RISULTATI E BENEFICI ATTESI"},"content":{"rendered":"<div id='av_section_1'  class='avia-section av-av_section-781634be6d9f9d91bcb7befc024804f6 main_color avia-section-default avia-no-shadow  avia-builder-el-0  el_before_av_textblock  avia-builder-el-first  avia-bg-style-scroll container_wrap sidebar_right'  ><div class='container av-section-cont-open' ><main  role=\"main\" itemprop=\"mainContentOfPage\"  class='template-page content  av-content-small alpha units'><div class='post-entry post-entry-type-page post-entry-1331'><div class='entry-content-wrapper clearfix'>\n\n<style type=\"text\/css\" data-created_by=\"avia_inline_auto\" id=\"style-css-av-av_textblock-eda71f7ddd31fd892dc473e710e234e1\">\n#top .av_textblock_section.av-av_textblock-eda71f7ddd31fd892dc473e710e234e1 .avia_textblock{\nfont-size:35px;\n}\n<\/style>\n<section  class='av_textblock_section av-av_textblock-eda71f7ddd31fd892dc473e710e234e1 '   itemscope=\"itemscope\" itemtype=\"https:\/\/schema.org\/CreativeWork\" ><div class='avia_textblock'  itemprop=\"text\" ><p><span style=\"color: #ffffff;\">RISULTATI E BENEFICI ATTESI<\/span><\/p>\n<\/div><\/section>\n<\/div><\/div><\/main><!-- close content main element --><\/div><\/div><div id='after_section_1'  class='main_color av_default_container_wrap container_wrap sidebar_right'  ><div class='container av-section-cont-open' ><div class='template-page content  av-content-small alpha units'><div class='post-entry post-entry-type-page post-entry-1331'><div class='entry-content-wrapper clearfix'><section  class='av_textblock_section av-av_textblock-0366cc7376be6c9e82a3e9cc8987b64f '   itemscope=\"itemscope\" itemtype=\"https:\/\/schema.org\/CreativeWork\" ><div class='avia_textblock'  itemprop=\"text\" ><p><strong>Risultati attesi:<\/strong><\/p>\n<ul>\n<li>Il design industriale di 2 nuove forme per le tegole Marsigliese e Portoghese<\/li>\n<li>La produzione da linea industriale pilota (con produzione oraria di 5.000 pezzi) di 20.000 tegole equivalenti a 1500 mq delle tegole pecedenti per la copertura dei tetti di due edifici campione (mock-up di 150 m\u00b2 ciascuno) e due edifici dimostrativi (case sociali di 300 m\u00b2 ciascuna)<\/li>\n<li>I risultati dei controlli sperimentali in scala reale del rendimento energetico rispetto alle soluzioni tradizionali, per mezzo di due edifici campione ubicati in due siti diversi e dotati di doppio sistema di monitoraggio per la raccolta di dati in tempo reale. La temperatura sottotetto si andr\u00e0 a ridurre di circa 2-4\u00b0C rispetto a un tetto piano nelle stesse condizioni climatiche.<\/li>\n<li>I risultati di due edifici dimostrativi attrezzati entrambi per la raccolta dei dati energetici per il riscaldamento e il raffrescamento. I risultati attesi dovrebbero conseguire un risparmio energetico in modalit\u00e0 raffrescamento fino a 30- 50 % nel volume dell&#8217;edificio sottotetto, evitando maggior consumo di energia per il riscaldamento.<\/li>\n<li>1 software freeware per il supporto ai tecnici e alle parti interessate nella progettazione e pianificazione di applicazioni simili in riguardo al comportamento energetico secondo luogo, clima, topologia dell\u2019edificio e suo uso.<\/li>\n<li>Beneficio stimato fino al 30-50 % del fabbisogno energetico durante l&#8217;estate, in confronto a un tetto simile senza ventilazione<\/li>\n<li>L&#8217;aumento del consumo di energia in modalit\u00e0 riscaldamento in inverno \u00e8 uguale a 0. In inverno le nuove tegole consentono un miglior controllo della umidit\u00e0 producendo benefici indiretti grazie alla maggiore secchezza degli strati isolanti.<\/li>\n<\/ul>\n<p><strong>Benefici ambientali:<\/strong><\/p>\n<ul>\n<li><em>Considerando che i tipi di tegole riprogettate e prodotte durante il progetto coprono oltre il 60 % dei tetti europei e che i partner industri li coinvolti nel progetto LIFE HEROTILE lavorano a livello europeo, si pu\u00f2 prevedee che venga coperta una buona fetta di mercato, soprattutto nel bacino dei Paesi del Mediterraneo, e che vengano raggiunti i seguenti obiettivi :<\/em><\/li>\n<li>10 % di riduzione delle emissioni di gas effetto serra, (Sud Europa), pari ad un valore assoluto (annuo) di 1,5 Mt_CO2 \/ anno.<\/li>\n<li><em>50 % del \u201ccarbon footprint\u201d dello spazio di raffeddamento dell\u2019edificio in confronto al tetto spiovente standard, pari ad un valore assoluto (annuo) di 150 g_CO2\/kWhe <\/em><\/li>\n<li>5% di riduzione dell&#8217;inquinamento atmosferico, (Sud Europa), pari ad un valore assoluto (annuo) di 0,1 Mt_Pm 2.5\/anno e di 1,0 Mt di NOx\/anno<\/li>\n<li>5% di riduzione di consumo elettrico per l&#8217;aria condizionata in area urbana, pari ad un valore assoluto (annuo) di 25 kW\/ha<\/li>\n<li>25% di riduzione della temperatura massima dell&#8217;aria sottotegola<\/li>\n<li>30% di aumento della velocit\u00e0 dell&#8217;aria sottotegola media annua<\/li>\n<li>50% di riduzione della radiazione massima sottotegola<\/li>\n<li>50% di riduzione della potenza di raffreddamento specifica della nuova soluzione, pari ad un valore assoluto (annuale) di 2,3 W\/m3<\/li>\n<li>50% di riduzione della trasmittanza termica equivalente di un tetto ventilato (valore U equivalente), pari ad un valore assoluto (annuale) di 0,25 W\/(m\u00b2K).<\/li>\n<\/ul>\n<\/div><\/section><\/p>\n","protected":false},"excerpt":{"rendered":"","protected":false},"author":2,"featured_media":0,"parent":0,"menu_order":0,"comment_status":"closed","ping_status":"closed","template":"","meta":{"footnotes":""},"class_list":["post-1331","page","type-page","status-publish","hentry"],"yoast_head":"<!-- This site is optimized with the Yoast SEO plugin v27.3 - https:\/\/yoast.com\/product\/yoast-seo-wordpress\/ -->\n<title>RISULTATI E BENEFICI ATTESI - lifeherotile<\/title>\n<meta name=\"robots\" content=\"index, follow, max-snippet:-1, max-image-preview:large, max-video-preview:-1\" \/>\n<link rel=\"canonical\" href=\"https:\/\/www.lifeherotile.eu\/it\/innovation\/\" \/>\n<meta property=\"og:locale\" content=\"it_IT\" \/>\n<meta property=\"og:type\" content=\"article\" \/>\n<meta property=\"og:title\" content=\"RISULTATI E BENEFICI ATTESI - lifeherotile\" \/>\n<meta property=\"og:url\" content=\"https:\/\/www.lifeherotile.eu\/it\/innovation\/\" \/>\n<meta property=\"og:site_name\" content=\"lifeherotile\" \/>\n<meta property=\"article:modified_time\" content=\"2016-04-28T10:48:50+00:00\" \/>\n<meta name=\"twitter:card\" content=\"summary_large_image\" \/>\n<meta name=\"twitter:label1\" content=\"Tempo di lettura stimato\" \/>\n\t<meta name=\"twitter:data1\" content=\"3 minuti\" \/>\n<script type=\"application\/ld+json\" class=\"yoast-schema-graph\">{\"@context\":\"https:\\\/\\\/schema.org\",\"@graph\":[{\"@type\":\"WebPage\",\"@id\":\"https:\\\/\\\/www.lifeherotile.eu\\\/it\\\/innovation\\\/\",\"url\":\"https:\\\/\\\/www.lifeherotile.eu\\\/it\\\/innovation\\\/\",\"name\":\"RISULTATI E BENEFICI ATTESI - lifeherotile\",\"isPartOf\":{\"@id\":\"https:\\\/\\\/www.lifeherotile.eu\\\/#website\"},\"datePublished\":\"2015-10-27T11:43:54+00:00\",\"dateModified\":\"2016-04-28T10:48:50+00:00\",\"breadcrumb\":{\"@id\":\"https:\\\/\\\/www.lifeherotile.eu\\\/it\\\/innovation\\\/#breadcrumb\"},\"inLanguage\":\"it-IT\",\"potentialAction\":[{\"@type\":\"ReadAction\",\"target\":[\"https:\\\/\\\/www.lifeherotile.eu\\\/it\\\/innovation\\\/\"]}]},{\"@type\":\"BreadcrumbList\",\"@id\":\"https:\\\/\\\/www.lifeherotile.eu\\\/it\\\/innovation\\\/#breadcrumb\",\"itemListElement\":[{\"@type\":\"ListItem\",\"position\":1,\"name\":\"Home\",\"item\":\"https:\\\/\\\/www.lifeherotile.eu\\\/it\\\/\"},{\"@type\":\"ListItem\",\"position\":2,\"name\":\"RISULTATI E BENEFICI ATTESI\"}]},{\"@type\":\"WebSite\",\"@id\":\"https:\\\/\\\/www.lifeherotile.eu\\\/#website\",\"url\":\"https:\\\/\\\/www.lifeherotile.eu\\\/\",\"name\":\"lifeherotile\",\"description\":\"High Energy savings in building cooling by ROof TILEs shape optimization toward a better above sheathing ventilation\",\"potentialAction\":[{\"@type\":\"SearchAction\",\"target\":{\"@type\":\"EntryPoint\",\"urlTemplate\":\"https:\\\/\\\/www.lifeherotile.eu\\\/?s={search_term_string}\"},\"query-input\":{\"@type\":\"PropertyValueSpecification\",\"valueRequired\":true,\"valueName\":\"search_term_string\"}}],\"inLanguage\":\"it-IT\"}]}<\/script>\n<!-- \/ Yoast SEO plugin. -->","yoast_head_json":{"title":"RISULTATI E BENEFICI ATTESI - lifeherotile","robots":{"index":"index","follow":"follow","max-snippet":"max-snippet:-1","max-image-preview":"max-image-preview:large","max-video-preview":"max-video-preview:-1"},"canonical":"https:\/\/www.lifeherotile.eu\/it\/innovation\/","og_locale":"it_IT","og_type":"article","og_title":"RISULTATI E BENEFICI ATTESI - lifeherotile","og_url":"https:\/\/www.lifeherotile.eu\/it\/innovation\/","og_site_name":"lifeherotile","article_modified_time":"2016-04-28T10:48:50+00:00","twitter_card":"summary_large_image","twitter_misc":{"Tempo di lettura stimato":"3 minuti"},"schema":{"@context":"https:\/\/schema.org","@graph":[{"@type":"WebPage","@id":"https:\/\/www.lifeherotile.eu\/it\/innovation\/","url":"https:\/\/www.lifeherotile.eu\/it\/innovation\/","name":"RISULTATI E BENEFICI ATTESI - lifeherotile","isPartOf":{"@id":"https:\/\/www.lifeherotile.eu\/#website"},"datePublished":"2015-10-27T11:43:54+00:00","dateModified":"2016-04-28T10:48:50+00:00","breadcrumb":{"@id":"https:\/\/www.lifeherotile.eu\/it\/innovation\/#breadcrumb"},"inLanguage":"it-IT","potentialAction":[{"@type":"ReadAction","target":["https:\/\/www.lifeherotile.eu\/it\/innovation\/"]}]},{"@type":"BreadcrumbList","@id":"https:\/\/www.lifeherotile.eu\/it\/innovation\/#breadcrumb","itemListElement":[{"@type":"ListItem","position":1,"name":"Home","item":"https:\/\/www.lifeherotile.eu\/it\/"},{"@type":"ListItem","position":2,"name":"RISULTATI E BENEFICI ATTESI"}]},{"@type":"WebSite","@id":"https:\/\/www.lifeherotile.eu\/#website","url":"https:\/\/www.lifeherotile.eu\/","name":"lifeherotile","description":"High Energy savings in building cooling by ROof TILEs shape optimization toward a better above sheathing ventilation","potentialAction":[{"@type":"SearchAction","target":{"@type":"EntryPoint","urlTemplate":"https:\/\/www.lifeherotile.eu\/?s={search_term_string}"},"query-input":{"@type":"PropertyValueSpecification","valueRequired":true,"valueName":"search_term_string"}}],"inLanguage":"it-IT"}]}},"_links":{"self":[{"href":"https:\/\/www.lifeherotile.eu\/it\/wp-json\/wp\/v2\/pages\/1331","targetHints":{"allow":["GET"]}}],"collection":[{"href":"https:\/\/www.lifeherotile.eu\/it\/wp-json\/wp\/v2\/pages"}],"about":[{"href":"https:\/\/www.lifeherotile.eu\/it\/wp-json\/wp\/v2\/types\/page"}],"author":[{"embeddable":true,"href":"https:\/\/www.lifeherotile.eu\/it\/wp-json\/wp\/v2\/users\/2"}],"replies":[{"embeddable":true,"href":"https:\/\/www.lifeherotile.eu\/it\/wp-json\/wp\/v2\/comments?post=1331"}],"version-history":[{"count":4,"href":"https:\/\/www.lifeherotile.eu\/it\/wp-json\/wp\/v2\/pages\/1331\/revisions"}],"predecessor-version":[{"id":1336,"href":"https:\/\/www.lifeherotile.eu\/it\/wp-json\/wp\/v2\/pages\/1331\/revisions\/1336"}],"wp:attachment":[{"href":"https:\/\/www.lifeherotile.eu\/it\/wp-json\/wp\/v2\/media?parent=1331"}],"curies":[{"name":"wp","href":"https:\/\/api.w.org\/{rel}","templated":true}]}}