{"id":1345,"date":"2015-10-29T16:47:59","date_gmt":"2015-10-29T15:47:59","guid":{"rendered":"http:\/\/www.lifeherotile.eu\/it\/problem-targeted\/"},"modified":"2016-04-28T15:20:30","modified_gmt":"2016-04-28T13:20:30","slug":"problem-targeted","status":"publish","type":"page","link":"https:\/\/www.lifeherotile.eu\/it\/problem-targeted\/","title":{"rendered":"PROBLEM TARGETED"},"content":{"rendered":"\n<style type=\"text\/css\" data-created_by=\"avia_inline_auto\" id=\"style-css-av-av_section-f41b165e3b9914ec7a9c333138649272\">\n.avia-section.av-av_section-f41b165e3b9914ec7a9c333138649272{\nbackground-repeat:no-repeat;\nbackground-image:url(https:\/\/www.lifeherotile.eu\/wp-content\/uploads\/2015\/10\/dawn-1900551.jpg);\nbackground-position:0% 0%;\nbackground-attachment:scroll;\n}\n<\/style>\n<div id='av_section_1'  class='avia-section av-av_section-f41b165e3b9914ec7a9c333138649272 header_color avia-section-default avia-no-shadow  avia-builder-el-0  el_before_av_textblock  avia-builder-el-first  avia-bg-style-scroll container_wrap sidebar_right'  data-section-bg-repeat='no-repeat'><div class='container av-section-cont-open' ><main  role=\"main\" itemprop=\"mainContentOfPage\"  class='template-page content  av-content-small alpha units'><div class='post-entry post-entry-type-page post-entry-1345'><div class='entry-content-wrapper clearfix'>\n\n<style type=\"text\/css\" data-created_by=\"avia_inline_auto\" id=\"style-css-av-av_textblock-540ab12f0cc629a40364c90538f16291\">\n#top .av_textblock_section.av-av_textblock-540ab12f0cc629a40364c90538f16291 .avia_textblock{\nfont-size:39px;\n}\n<\/style>\n<section  class='av_textblock_section av-av_textblock-540ab12f0cc629a40364c90538f16291 '   itemscope=\"itemscope\" itemtype=\"https:\/\/schema.org\/CreativeWork\" ><div class='avia_textblock'  itemprop=\"text\" ><p><span style=\"color: #ffffff;\">PROBLEMA AFFRONTATO<\/span><\/p>\n<\/div><\/section>\n<\/div><\/div><\/main><!-- close content main element --><\/div><\/div><div id='after_section_1'  class='main_color av_default_container_wrap container_wrap sidebar_right'  ><div class='container av-section-cont-open' ><div class='template-page content  av-content-small alpha units'><div class='post-entry post-entry-type-page post-entry-1345'><div class='entry-content-wrapper clearfix'>\n<style type=\"text\/css\" data-created_by=\"avia_inline_auto\" id=\"style-css-av-av_textblock-04925bd89c6136d362a84eb2d942e129\">\n#top .av_textblock_section.av-av_textblock-04925bd89c6136d362a84eb2d942e129 .avia_textblock{\nfont-size:17px;\n}\n<\/style>\n<section  class='av_textblock_section av-av_textblock-04925bd89c6136d362a84eb2d942e129 '   itemscope=\"itemscope\" itemtype=\"https:\/\/schema.org\/CreativeWork\" ><div class='avia_textblock'  itemprop=\"text\" ><p>Nelle regioni mediterranee la radiazione solare in estate provoca un surriscaldamento prima dell&#8217;involucro (tetto e facciate) e poi dell\u2019interno dell\u2019edificio, portando alla necessit\u00e0 di utilizzare impianti di condizionamento. I sistemi passivi per limitare l\u2019effetto solare consistono principalmente di <strong>facciate e tetti ventilati<\/strong>. Il tetto \u00e8 l&#8217;elemento maggiormente esposto alla radiazione solare e portando ad un eccessivo riscaldamento del sottotetto e delle altre camere, portando pertanto ad un fabbisogno energetico maggiore per il raffrescamento, che risulta la modalit\u00e0 a pi\u00f9 alta richiesta energetica degli impianti di condizionamento. Ci\u00f2 non \u00e8 \u00a0ancora regolato dalla leggein diversi paesi europei, la maggior parte nel Sud europeo dove invece risulta una tematica pi\u00f9 rilevante..<br \/>\nI 130 milioni di abitanti nel Sud Europa corrispondono a quasi 5,2 miliardi di metri quadrati di superficie di pavimento della casa e da 1 a 2 miliardi di metri quadrati di superficie del tetto (edifici singoli o a due piani, mansarde e cos\u00ec via). I tetti a falda sono molto diffusi nelle regioni mediterranee come l&#8217;Italia, la Spagna e la Grecia, ma anche in Francia, Portogallo e cos\u00ec via, corrispondenti dal 50% all\u201980% della superficie complessiva del tetto (ci\u00f2 significa da 500 a 1300 milioni di metri quadrati). Anche se il fabbisogno di energia per il raffrescamento dipende dall&#8217;et\u00e0 e dall\u2019uso degli edifici, diversi studi definiscono il fabbisogno energetico per il condizionamento degli ambienti a di 60\u00a0 kWht\/m2. Pertanto, la richiesta di energia per il raffreddamento dello spazio sottotetto va da 30,000 a 70,000 GWht, equivalenti a 10,000-25,000 GWhe, tenendo conto di un coefficiente di prestazione pari a 3 ( COP ) per il refrigeratore in funzione.<\/p>\n<\/div><\/section><\/p>\n","protected":false},"excerpt":{"rendered":"","protected":false},"author":2,"featured_media":0,"parent":0,"menu_order":0,"comment_status":"closed","ping_status":"closed","template":"","meta":{"footnotes":""},"class_list":["post-1345","page","type-page","status-publish","hentry"],"yoast_head":"<!-- This site is optimized with the Yoast SEO plugin v27.3 - https:\/\/yoast.com\/product\/yoast-seo-wordpress\/ -->\n<title>PROBLEM TARGETED - lifeherotile<\/title>\n<meta name=\"robots\" content=\"index, follow, max-snippet:-1, max-image-preview:large, max-video-preview:-1\" \/>\n<link rel=\"canonical\" href=\"https:\/\/www.lifeherotile.eu\/it\/problem-targeted\/\" \/>\n<meta property=\"og:locale\" content=\"it_IT\" \/>\n<meta property=\"og:type\" content=\"article\" \/>\n<meta property=\"og:title\" content=\"PROBLEM TARGETED - lifeherotile\" \/>\n<meta property=\"og:url\" content=\"https:\/\/www.lifeherotile.eu\/it\/problem-targeted\/\" \/>\n<meta property=\"og:site_name\" content=\"lifeherotile\" \/>\n<meta property=\"article:modified_time\" content=\"2016-04-28T13:20:30+00:00\" \/>\n<meta name=\"twitter:card\" content=\"summary_large_image\" \/>\n<meta name=\"twitter:label1\" content=\"Tempo di lettura stimato\" \/>\n\t<meta name=\"twitter:data1\" content=\"2 minuti\" \/>\n<script type=\"application\/ld+json\" class=\"yoast-schema-graph\">{\"@context\":\"https:\\\/\\\/schema.org\",\"@graph\":[{\"@type\":\"WebPage\",\"@id\":\"https:\\\/\\\/www.lifeherotile.eu\\\/it\\\/problem-targeted\\\/\",\"url\":\"https:\\\/\\\/www.lifeherotile.eu\\\/it\\\/problem-targeted\\\/\",\"name\":\"PROBLEM TARGETED - lifeherotile\",\"isPartOf\":{\"@id\":\"https:\\\/\\\/www.lifeherotile.eu\\\/#website\"},\"datePublished\":\"2015-10-29T15:47:59+00:00\",\"dateModified\":\"2016-04-28T13:20:30+00:00\",\"breadcrumb\":{\"@id\":\"https:\\\/\\\/www.lifeherotile.eu\\\/it\\\/problem-targeted\\\/#breadcrumb\"},\"inLanguage\":\"it-IT\",\"potentialAction\":[{\"@type\":\"ReadAction\",\"target\":[\"https:\\\/\\\/www.lifeherotile.eu\\\/it\\\/problem-targeted\\\/\"]}]},{\"@type\":\"BreadcrumbList\",\"@id\":\"https:\\\/\\\/www.lifeherotile.eu\\\/it\\\/problem-targeted\\\/#breadcrumb\",\"itemListElement\":[{\"@type\":\"ListItem\",\"position\":1,\"name\":\"Home\",\"item\":\"https:\\\/\\\/www.lifeherotile.eu\\\/it\\\/\"},{\"@type\":\"ListItem\",\"position\":2,\"name\":\"PROBLEM TARGETED\"}]},{\"@type\":\"WebSite\",\"@id\":\"https:\\\/\\\/www.lifeherotile.eu\\\/#website\",\"url\":\"https:\\\/\\\/www.lifeherotile.eu\\\/\",\"name\":\"lifeherotile\",\"description\":\"High Energy savings in building cooling by ROof TILEs shape optimization toward a better above sheathing ventilation\",\"potentialAction\":[{\"@type\":\"SearchAction\",\"target\":{\"@type\":\"EntryPoint\",\"urlTemplate\":\"https:\\\/\\\/www.lifeherotile.eu\\\/?s={search_term_string}\"},\"query-input\":{\"@type\":\"PropertyValueSpecification\",\"valueRequired\":true,\"valueName\":\"search_term_string\"}}],\"inLanguage\":\"it-IT\"}]}<\/script>\n<!-- \/ Yoast SEO plugin. -->","yoast_head_json":{"title":"PROBLEM TARGETED - lifeherotile","robots":{"index":"index","follow":"follow","max-snippet":"max-snippet:-1","max-image-preview":"max-image-preview:large","max-video-preview":"max-video-preview:-1"},"canonical":"https:\/\/www.lifeherotile.eu\/it\/problem-targeted\/","og_locale":"it_IT","og_type":"article","og_title":"PROBLEM TARGETED - lifeherotile","og_url":"https:\/\/www.lifeherotile.eu\/it\/problem-targeted\/","og_site_name":"lifeherotile","article_modified_time":"2016-04-28T13:20:30+00:00","twitter_card":"summary_large_image","twitter_misc":{"Tempo di lettura stimato":"2 minuti"},"schema":{"@context":"https:\/\/schema.org","@graph":[{"@type":"WebPage","@id":"https:\/\/www.lifeherotile.eu\/it\/problem-targeted\/","url":"https:\/\/www.lifeherotile.eu\/it\/problem-targeted\/","name":"PROBLEM TARGETED - lifeherotile","isPartOf":{"@id":"https:\/\/www.lifeherotile.eu\/#website"},"datePublished":"2015-10-29T15:47:59+00:00","dateModified":"2016-04-28T13:20:30+00:00","breadcrumb":{"@id":"https:\/\/www.lifeherotile.eu\/it\/problem-targeted\/#breadcrumb"},"inLanguage":"it-IT","potentialAction":[{"@type":"ReadAction","target":["https:\/\/www.lifeherotile.eu\/it\/problem-targeted\/"]}]},{"@type":"BreadcrumbList","@id":"https:\/\/www.lifeherotile.eu\/it\/problem-targeted\/#breadcrumb","itemListElement":[{"@type":"ListItem","position":1,"name":"Home","item":"https:\/\/www.lifeherotile.eu\/it\/"},{"@type":"ListItem","position":2,"name":"PROBLEM TARGETED"}]},{"@type":"WebSite","@id":"https:\/\/www.lifeherotile.eu\/#website","url":"https:\/\/www.lifeherotile.eu\/","name":"lifeherotile","description":"High Energy savings in building cooling by ROof TILEs shape optimization toward a better above sheathing ventilation","potentialAction":[{"@type":"SearchAction","target":{"@type":"EntryPoint","urlTemplate":"https:\/\/www.lifeherotile.eu\/?s={search_term_string}"},"query-input":{"@type":"PropertyValueSpecification","valueRequired":true,"valueName":"search_term_string"}}],"inLanguage":"it-IT"}]}},"_links":{"self":[{"href":"https:\/\/www.lifeherotile.eu\/it\/wp-json\/wp\/v2\/pages\/1345","targetHints":{"allow":["GET"]}}],"collection":[{"href":"https:\/\/www.lifeherotile.eu\/it\/wp-json\/wp\/v2\/pages"}],"about":[{"href":"https:\/\/www.lifeherotile.eu\/it\/wp-json\/wp\/v2\/types\/page"}],"author":[{"embeddable":true,"href":"https:\/\/www.lifeherotile.eu\/it\/wp-json\/wp\/v2\/users\/2"}],"replies":[{"embeddable":true,"href":"https:\/\/www.lifeherotile.eu\/it\/wp-json\/wp\/v2\/comments?post=1345"}],"version-history":[{"count":2,"href":"https:\/\/www.lifeherotile.eu\/it\/wp-json\/wp\/v2\/pages\/1345\/revisions"}],"predecessor-version":[{"id":1353,"href":"https:\/\/www.lifeherotile.eu\/it\/wp-json\/wp\/v2\/pages\/1345\/revisions\/1353"}],"wp:attachment":[{"href":"https:\/\/www.lifeherotile.eu\/it\/wp-json\/wp\/v2\/media?parent=1345"}],"curies":[{"name":"wp","href":"https:\/\/api.w.org\/{rel}","templated":true}]}}