{"id":4284,"date":"2018-02-19T11:15:15","date_gmt":"2018-02-19T10:15:15","guid":{"rendered":"http:\/\/www.lifeherotile.eu\/innovative-doctoral-training-strategies-for-excellence-outcomes\/"},"modified":"2018-02-19T13:02:11","modified_gmt":"2018-02-19T12:02:11","slug":"innovative-doctoral-training-strategies-for-excellence-outcomes","status":"publish","type":"page","link":"https:\/\/www.lifeherotile.eu\/it\/innovative-doctoral-training-strategies-for-excellence-outcomes\/","title":{"rendered":"INNOVATIVE DOCTORAL TRAINING STRATEGIES FOR EXCELLENCE IN OUTCOMES"},"content":{"rendered":"\n<style type=\"text\/css\" data-created_by=\"avia_inline_auto\" id=\"style-css-av-av_one_full-352b07ef7d3bc99b2e9f92e7a9e06bdb\">\n.flex_column.av-av_one_full-352b07ef7d3bc99b2e9f92e7a9e06bdb{\nborder-radius:0px 0px 0px 0px;\npadding:0px 0px 0px 0px;\n}\n<\/style>\n<div  class='flex_column av-av_one_full-352b07ef7d3bc99b2e9f92e7a9e06bdb av_one_full  avia-builder-el-0  el_before_av_one_half  avia-builder-el-first  first flex_column_div av-zero-column-padding  '     ><section  class='av_textblock_section av-av_textblock-0366cc7376be6c9e82a3e9cc8987b64f '   itemscope=\"itemscope\" itemtype=\"https:\/\/schema.org\/CreativeWork\" ><div class='avia_textblock'  itemprop=\"text\" ><p><strong><a href=\"http:\/\/www.lifeherotile.eu\/wp-content\/uploads\/2018\/02\/Innovative-doctoral-training.jpg\" rel=\"attachment wp-att-3356\"><img loading=\"lazy\" decoding=\"async\" class=\"wp-image-4282 size-medium alignleft\" src=\"http:\/\/www.lifeherotile.eu\/wp-content\/uploads\/2018\/02\/Innovative-doctoral-training-300x169.jpg\" alt=\"\" width=\"300\" height=\"169\" srcset=\"https:\/\/www.lifeherotile.eu\/wp-content\/uploads\/2018\/02\/Innovative-doctoral-training-300x169.jpg 300w, https:\/\/www.lifeherotile.eu\/wp-content\/uploads\/2018\/02\/Innovative-doctoral-training-768x432.jpg 768w, https:\/\/www.lifeherotile.eu\/wp-content\/uploads\/2018\/02\/Innovative-doctoral-training-705x397.jpg 705w, https:\/\/www.lifeherotile.eu\/wp-content\/uploads\/2018\/02\/Innovative-doctoral-training-450x253.jpg 450w, https:\/\/www.lifeherotile.eu\/wp-content\/uploads\/2018\/02\/Innovative-doctoral-training.jpg 800w\" sizes=\"auto, (max-width: 300px) 100vw, 300px\" \/><\/a><\/strong><\/p>\n<h3><strong>INNOVATIVE DOCTORAL TRAINING STRATEGIES FOR EXCELLENCE IN OUTCOMES<\/strong><\/h3>\n<p><strong>12-13 Febbraio, Ferrara (Italy)<\/strong><\/p>\n<p style=\"font-weight: 400;\">Nei giorni 12 e 13 febbraio si sono tenue due giornate di presentazione del progetto LIFE Herotile all&#8217;interno del 4th FERRARA INTERNATIONAL WORKSHOP 2018 EDITION dal titolo \u201cINNOVATIVE DOCTORAL TRAINING STRATEGIES FOR EXCELLENCE IN OUTCOMES\u201d del Dottorato di Ricerca Internazionale dell&#8217;Universit\u00e0 di Ferrara.<\/p>\n<p style=\"font-weight: 400;\">Erano presenti una quindicina di studenti proveniente, oltre che dall&#8217;Italia, da Singapore, dall&#8217;Iran, dall&#8217;Albania, ecc.<\/p>\n<p style=\"font-weight: 400;\">Il primo giorno \u00e8 stato illustrato il progetto LIFE e i primi risultati presso la sede di Palazzo Tassoni del Dipartimento di Architettura di Ferrara da parte del prof. Giovanni Zannoni. Nel pomeriggio \u00e8 stata eseguito un sopralluogo al Teknehub dell&#8217;Universit\u00e0 per visitare i mock up del progetto e fornire ulteriori spiegazioni sulle attivit\u00e0 di ricerca sulle tegole innovative.<\/p>\n<p style=\"font-weight: 400;\">Il secondo giorno, si \u00e8 svolta una visita guidata presso la sede delle Industrie Cotto Possagno a Possagno. Il dottor Mario Cunial &#8211; coordinatore del progetto &#8211; ha illustrato le strategie del gruppo in tema di innovazione e di controllo qualit\u00e0 ed attenzione per l&#8217;ambiente; \u00e8 seguita la visita dei dottorandi allo stabilimento di produzione accompagnati da Stefano Bistrot, Sandro Zanatta, Mario Cunial oltre ai docenti dell&#8217;Universit\u00e0 proff. Zannoni e Davoli.<\/p>\n\n<style type=\"text\/css\" data-created_by=\"avia_inline_auto\" id=\"style-css-av-av_hr-a6de236e6c183bbbd700292deacd2b52\">\n#top .hr.hr-invisible.av-av_hr-a6de236e6c183bbbd700292deacd2b52{\nheight:20px;\n}\n<\/style>\n<div  class='hr av-av_hr-a6de236e6c183bbbd700292deacd2b52 hr-invisible  avia-builder-el-2  avia-builder-el-no-sibling '><span class='hr-inner '><span class=\"hr-inner-style\"><\/span><\/span><\/div>\n<p><a href=\"http:\/\/www.lifeherotile.eu\/wp-content\/uploads\/2018\/02\/locandina-generale-delle-lezioni.pdf\">Scarica la locandina dell&#8217;evento &gt;&gt;<\/a><\/p>\n<\/div><\/section><\/div>\n<style type=\"text\/css\" data-created_by=\"avia_inline_auto\" id=\"style-css-av-av_one_half-352b07ef7d3bc99b2e9f92e7a9e06bdb\">\n.flex_column.av-av_one_half-352b07ef7d3bc99b2e9f92e7a9e06bdb{\nborder-radius:0px 0px 0px 0px;\npadding:0px 0px 0px 0px;\n}\n<\/style>\n<div  class='flex_column av-av_one_half-352b07ef7d3bc99b2e9f92e7a9e06bdb av_one_half  avia-builder-el-3  el_after_av_one_full  el_before_av_one_half  first flex_column_div av-zero-column-padding  column-top-margin'     ><style type=\"text\/css\" data-created_by=\"avia_inline_auto\" id=\"style-css-av-av_image-c902fd78e574acbd338b7a37d469c40d\">\n.avia-image-container.av-av_image-c902fd78e574acbd338b7a37d469c40d img.avia_image{\nbox-shadow:none;\n}\n.avia-image-container.av-av_image-c902fd78e574acbd338b7a37d469c40d .av-image-caption-overlay-center{\ncolor:#ffffff;\n}\n<\/style>\n<div  class='avia-image-container av-av_image-c902fd78e574acbd338b7a37d469c40d av-styling- avia-align-center  avia-builder-el-4  avia-builder-el-no-sibling '   itemprop=\"image\" itemscope=\"itemscope\" itemtype=\"https:\/\/schema.org\/ImageObject\" ><div class=\"avia-image-container-inner\"><div class=\"avia-image-overlay-wrap\"><img fetchpriority=\"high\" class='wp-image-4291 avia-img-lazy-loading-not-4291 avia_image ' src='https:\/\/www.lifeherotile.eu\/wp-content\/uploads\/2018\/02\/locandina-LIFE-lesson.jpg' alt='' title='locandina-LIFE-lesson'  height=\"800\" width=\"566\"  itemprop=\"thumbnailUrl\"  \/><\/div><\/div><\/div><\/div><\/p>\n\n<style type=\"text\/css\" data-created_by=\"avia_inline_auto\" id=\"style-css-av-av_one_half-2a64de42b738552fe666ca889af77e28\">\n.flex_column.av-av_one_half-2a64de42b738552fe666ca889af77e28{\nborder-radius:0px 0px 0px 0px;\npadding:0px 0px 0px 0px;\n}\n<\/style>\n<div  class='flex_column av-av_one_half-2a64de42b738552fe666ca889af77e28 av_one_half  avia-builder-el-5  el_after_av_one_half  avia-builder-el-last  flex_column_div av-zero-column-padding  column-top-margin'     ><style type=\"text\/css\" data-created_by=\"avia_inline_auto\" id=\"style-css-av-av_image-3c6a7de00f22861fd1b7e33413946b29\">\n.avia-image-container.av-av_image-3c6a7de00f22861fd1b7e33413946b29 img.avia_image{\nbox-shadow:none;\n}\n.avia-image-container.av-av_image-3c6a7de00f22861fd1b7e33413946b29 .av-image-caption-overlay-center{\ncolor:#ffffff;\n}\n<\/style>\n<div  class='avia-image-container av-av_image-3c6a7de00f22861fd1b7e33413946b29 av-styling- avia-align-center  avia-builder-el-6  avia-builder-el-no-sibling '   itemprop=\"image\" itemscope=\"itemscope\" itemtype=\"https:\/\/schema.org\/ImageObject\" ><div class=\"avia-image-container-inner\"><div class=\"avia-image-overlay-wrap\"><img fetchpriority=\"high\" class='wp-image-4292 avia-img-lazy-loading-not-4292 avia_image ' src='https:\/\/www.lifeherotile.eu\/wp-content\/uploads\/2018\/02\/locandina-LIFE-visit-Possagno.jpg' alt='' title='locandina-LIFE-visit-Possagno'  height=\"800\" width=\"566\"  itemprop=\"thumbnailUrl\"  \/><\/div><\/div><\/div><\/div>\n","protected":false},"excerpt":{"rendered":"","protected":false},"author":2,"featured_media":0,"parent":0,"menu_order":0,"comment_status":"closed","ping_status":"closed","template":"","meta":{"footnotes":""},"class_list":["post-4284","page","type-page","status-publish","hentry"],"yoast_head":"<!-- This site is optimized with the Yoast SEO plugin v27.4 - https:\/\/yoast.com\/product\/yoast-seo-wordpress\/ -->\n<title>INNOVATIVE DOCTORAL TRAINING STRATEGIES FOR EXCELLENCE IN OUTCOMES - lifeherotile<\/title>\n<meta name=\"robots\" content=\"index, follow, max-snippet:-1, max-image-preview:large, max-video-preview:-1\" \/>\n<link rel=\"canonical\" href=\"https:\/\/www.lifeherotile.eu\/innovative-doctoral-training-strategies-for-excellence-outcomes\/\" \/>\n<meta property=\"og:locale\" content=\"it_IT\" \/>\n<meta property=\"og:type\" content=\"article\" \/>\n<meta property=\"og:title\" content=\"INNOVATIVE DOCTORAL TRAINING STRATEGIES FOR EXCELLENCE IN OUTCOMES - lifeherotile\" \/>\n<meta property=\"og:url\" content=\"https:\/\/www.lifeherotile.eu\/innovative-doctoral-training-strategies-for-excellence-outcomes\/\" \/>\n<meta property=\"og:site_name\" content=\"lifeherotile\" \/>\n<meta property=\"article:modified_time\" content=\"2018-02-19T12:02:11+00:00\" \/>\n<meta property=\"og:image\" content=\"http:\/\/www.lifeherotile.eu\/wp-content\/uploads\/2018\/02\/Innovative-doctoral-training-300x169.jpg\" \/>\n<meta name=\"twitter:card\" content=\"summary_large_image\" \/>\n<meta name=\"twitter:label1\" content=\"Tempo di lettura stimato\" \/>\n\t<meta name=\"twitter:data1\" content=\"2 minuti\" \/>\n<script type=\"application\/ld+json\" class=\"yoast-schema-graph\">{\"@context\":\"https:\\\/\\\/schema.org\",\"@graph\":[{\"@type\":\"WebPage\",\"@id\":\"https:\\\/\\\/www.lifeherotile.eu\\\/innovative-doctoral-training-strategies-for-excellence-outcomes\\\/\",\"url\":\"https:\\\/\\\/www.lifeherotile.eu\\\/innovative-doctoral-training-strategies-for-excellence-outcomes\\\/\",\"name\":\"INNOVATIVE DOCTORAL TRAINING STRATEGIES FOR EXCELLENCE IN OUTCOMES - lifeherotile\",\"isPartOf\":{\"@id\":\"https:\\\/\\\/www.lifeherotile.eu\\\/#website\"},\"primaryImageOfPage\":{\"@id\":\"https:\\\/\\\/www.lifeherotile.eu\\\/innovative-doctoral-training-strategies-for-excellence-outcomes\\\/#primaryimage\"},\"image\":{\"@id\":\"https:\\\/\\\/www.lifeherotile.eu\\\/innovative-doctoral-training-strategies-for-excellence-outcomes\\\/#primaryimage\"},\"thumbnailUrl\":\"http:\\\/\\\/www.lifeherotile.eu\\\/wp-content\\\/uploads\\\/2018\\\/02\\\/Innovative-doctoral-training-300x169.jpg\",\"datePublished\":\"2018-02-19T10:15:15+00:00\",\"dateModified\":\"2018-02-19T12:02:11+00:00\",\"breadcrumb\":{\"@id\":\"https:\\\/\\\/www.lifeherotile.eu\\\/innovative-doctoral-training-strategies-for-excellence-outcomes\\\/#breadcrumb\"},\"inLanguage\":\"it-IT\",\"potentialAction\":[{\"@type\":\"ReadAction\",\"target\":[\"https:\\\/\\\/www.lifeherotile.eu\\\/innovative-doctoral-training-strategies-for-excellence-outcomes\\\/\"]}]},{\"@type\":\"ImageObject\",\"inLanguage\":\"it-IT\",\"@id\":\"https:\\\/\\\/www.lifeherotile.eu\\\/innovative-doctoral-training-strategies-for-excellence-outcomes\\\/#primaryimage\",\"url\":\"http:\\\/\\\/www.lifeherotile.eu\\\/wp-content\\\/uploads\\\/2018\\\/02\\\/Innovative-doctoral-training-300x169.jpg\",\"contentUrl\":\"http:\\\/\\\/www.lifeherotile.eu\\\/wp-content\\\/uploads\\\/2018\\\/02\\\/Innovative-doctoral-training-300x169.jpg\"},{\"@type\":\"BreadcrumbList\",\"@id\":\"https:\\\/\\\/www.lifeherotile.eu\\\/innovative-doctoral-training-strategies-for-excellence-outcomes\\\/#breadcrumb\",\"itemListElement\":[{\"@type\":\"ListItem\",\"position\":1,\"name\":\"Home\",\"item\":\"https:\\\/\\\/www.lifeherotile.eu\\\/it\\\/\"},{\"@type\":\"ListItem\",\"position\":2,\"name\":\"INNOVATIVE DOCTORAL TRAINING STRATEGIES FOR EXCELLENCE IN OUTCOMES\"}]},{\"@type\":\"WebSite\",\"@id\":\"https:\\\/\\\/www.lifeherotile.eu\\\/#website\",\"url\":\"https:\\\/\\\/www.lifeherotile.eu\\\/\",\"name\":\"lifeherotile\",\"description\":\"High Energy savings in building cooling by ROof TILEs shape optimization toward a better above sheathing ventilation\",\"potentialAction\":[{\"@type\":\"SearchAction\",\"target\":{\"@type\":\"EntryPoint\",\"urlTemplate\":\"https:\\\/\\\/www.lifeherotile.eu\\\/?s={search_term_string}\"},\"query-input\":{\"@type\":\"PropertyValueSpecification\",\"valueRequired\":true,\"valueName\":\"search_term_string\"}}],\"inLanguage\":\"it-IT\"}]}<\/script>\n<!-- \/ Yoast SEO plugin. -->","yoast_head_json":{"title":"INNOVATIVE DOCTORAL TRAINING STRATEGIES FOR EXCELLENCE IN OUTCOMES - lifeherotile","robots":{"index":"index","follow":"follow","max-snippet":"max-snippet:-1","max-image-preview":"max-image-preview:large","max-video-preview":"max-video-preview:-1"},"canonical":"https:\/\/www.lifeherotile.eu\/innovative-doctoral-training-strategies-for-excellence-outcomes\/","og_locale":"it_IT","og_type":"article","og_title":"INNOVATIVE DOCTORAL TRAINING STRATEGIES FOR EXCELLENCE IN OUTCOMES - lifeherotile","og_url":"https:\/\/www.lifeherotile.eu\/innovative-doctoral-training-strategies-for-excellence-outcomes\/","og_site_name":"lifeherotile","article_modified_time":"2018-02-19T12:02:11+00:00","og_image":[{"url":"http:\/\/www.lifeherotile.eu\/wp-content\/uploads\/2018\/02\/Innovative-doctoral-training-300x169.jpg","type":"","width":"","height":""}],"twitter_card":"summary_large_image","twitter_misc":{"Tempo di lettura stimato":"2 minuti"},"schema":{"@context":"https:\/\/schema.org","@graph":[{"@type":"WebPage","@id":"https:\/\/www.lifeherotile.eu\/innovative-doctoral-training-strategies-for-excellence-outcomes\/","url":"https:\/\/www.lifeherotile.eu\/innovative-doctoral-training-strategies-for-excellence-outcomes\/","name":"INNOVATIVE DOCTORAL TRAINING STRATEGIES FOR EXCELLENCE IN OUTCOMES - lifeherotile","isPartOf":{"@id":"https:\/\/www.lifeherotile.eu\/#website"},"primaryImageOfPage":{"@id":"https:\/\/www.lifeherotile.eu\/innovative-doctoral-training-strategies-for-excellence-outcomes\/#primaryimage"},"image":{"@id":"https:\/\/www.lifeherotile.eu\/innovative-doctoral-training-strategies-for-excellence-outcomes\/#primaryimage"},"thumbnailUrl":"http:\/\/www.lifeherotile.eu\/wp-content\/uploads\/2018\/02\/Innovative-doctoral-training-300x169.jpg","datePublished":"2018-02-19T10:15:15+00:00","dateModified":"2018-02-19T12:02:11+00:00","breadcrumb":{"@id":"https:\/\/www.lifeherotile.eu\/innovative-doctoral-training-strategies-for-excellence-outcomes\/#breadcrumb"},"inLanguage":"it-IT","potentialAction":[{"@type":"ReadAction","target":["https:\/\/www.lifeherotile.eu\/innovative-doctoral-training-strategies-for-excellence-outcomes\/"]}]},{"@type":"ImageObject","inLanguage":"it-IT","@id":"https:\/\/www.lifeherotile.eu\/innovative-doctoral-training-strategies-for-excellence-outcomes\/#primaryimage","url":"http:\/\/www.lifeherotile.eu\/wp-content\/uploads\/2018\/02\/Innovative-doctoral-training-300x169.jpg","contentUrl":"http:\/\/www.lifeherotile.eu\/wp-content\/uploads\/2018\/02\/Innovative-doctoral-training-300x169.jpg"},{"@type":"BreadcrumbList","@id":"https:\/\/www.lifeherotile.eu\/innovative-doctoral-training-strategies-for-excellence-outcomes\/#breadcrumb","itemListElement":[{"@type":"ListItem","position":1,"name":"Home","item":"https:\/\/www.lifeherotile.eu\/it\/"},{"@type":"ListItem","position":2,"name":"INNOVATIVE DOCTORAL TRAINING STRATEGIES FOR EXCELLENCE IN OUTCOMES"}]},{"@type":"WebSite","@id":"https:\/\/www.lifeherotile.eu\/#website","url":"https:\/\/www.lifeherotile.eu\/","name":"lifeherotile","description":"High Energy savings in building cooling by ROof TILEs shape optimization toward a better above sheathing ventilation","potentialAction":[{"@type":"SearchAction","target":{"@type":"EntryPoint","urlTemplate":"https:\/\/www.lifeherotile.eu\/?s={search_term_string}"},"query-input":{"@type":"PropertyValueSpecification","valueRequired":true,"valueName":"search_term_string"}}],"inLanguage":"it-IT"}]}},"_links":{"self":[{"href":"https:\/\/www.lifeherotile.eu\/it\/wp-json\/wp\/v2\/pages\/4284","targetHints":{"allow":["GET"]}}],"collection":[{"href":"https:\/\/www.lifeherotile.eu\/it\/wp-json\/wp\/v2\/pages"}],"about":[{"href":"https:\/\/www.lifeherotile.eu\/it\/wp-json\/wp\/v2\/types\/page"}],"author":[{"embeddable":true,"href":"https:\/\/www.lifeherotile.eu\/it\/wp-json\/wp\/v2\/users\/2"}],"replies":[{"embeddable":true,"href":"https:\/\/www.lifeherotile.eu\/it\/wp-json\/wp\/v2\/comments?post=4284"}],"version-history":[{"count":4,"href":"https:\/\/www.lifeherotile.eu\/it\/wp-json\/wp\/v2\/pages\/4284\/revisions"}],"predecessor-version":[{"id":4309,"href":"https:\/\/www.lifeherotile.eu\/it\/wp-json\/wp\/v2\/pages\/4284\/revisions\/4309"}],"wp:attachment":[{"href":"https:\/\/www.lifeherotile.eu\/it\/wp-json\/wp\/v2\/media?parent=4284"}],"curies":[{"name":"wp","href":"https:\/\/api.w.org\/{rel}","templated":true}]}}